{"id":6608,"date":"2025-06-20T21:39:14","date_gmt":"2025-06-20T20:39:14","guid":{"rendered":"https:\/\/www.zianebilal.com\/reservez-moi-pour-un-entretien\/"},"modified":"2025-06-20T21:39:46","modified_gmt":"2025-06-20T20:39:46","slug":"reservez-moi-pour-un-entretien","status":"publish","type":"page","link":"https:\/\/www.zianebilal.com\/fr\/reservez-moi-pour-un-entretien\/","title":{"rendered":"R\u00e9servez-moi pour un entretien"},"content":{"rendered":"\t\t<div data-elementor-type=\"wp-page\" data-elementor-id=\"6608\" class=\"elementor elementor-6608 elementor-5038\" data-elementor-post-type=\"page\">\n\t\t\t\t<div class=\"elementor-element elementor-element-df53121 e-flex e-con-boxed e-con e-parent\" data-id=\"df53121\" data-element_type=\"container\" data-e-type=\"container\">\n\t\t\t\t\t<div class=\"e-con-inner\">\n\t\t<div class=\"elementor-element elementor-element-dc2f411 e-con-full e-flex e-con e-child\" data-id=\"dc2f411\" data-element_type=\"container\" data-e-type=\"container\">\n\t\t\t\t<div class=\"elementor-element elementor-element-80c4d7c elementor-widget elementor-widget-heading\" data-id=\"80c4d7c\" data-element_type=\"widget\" data-e-type=\"widget\" data-widget_type=\"heading.default\">\n\t\t\t\t\t<h2 class=\"elementor-heading-title elementor-size-default\">Heureux de vous voir ici :)<\/h2>\t\t\t\t<\/div>\n\t\t\t\t<\/div>\n\t\t\t\t\t<\/div>\n\t\t\t\t<\/div>\n\t\t<div class=\"elementor-element elementor-element-533cfc6 e-flex e-con-boxed e-con e-parent\" data-id=\"533cfc6\" data-element_type=\"container\" data-e-type=\"container\">\n\t\t\t\t\t<div class=\"e-con-inner\">\n\t\t<div class=\"elementor-element elementor-element-8311fca e-con-full e-flex e-con e-child\" data-id=\"8311fca\" data-element_type=\"container\" data-e-type=\"container\">\n\t\t\t\t<div class=\"elementor-element elementor-element-5336d2a elementor-widget elementor-widget-text-editor\" data-id=\"5336d2a\" data-element_type=\"widget\" data-e-type=\"widget\" data-widget_type=\"text-editor.default\">\n\t\t\t\t\t\t\t\t\t<p>Je suis toujours ravie de discuter avec vous, <br>Sur cette page, vous pouvez me r\u00e9server un appel en direct et planifier une r\u00e9union avec moi sur <strong>Google Meet.<\/strong><\/p>\t\t\t\t\t\t\t\t<\/div>\n\t\t\t\t<div class=\"elementor-element elementor-element-a3937ff elementor-widget elementor-widget-spacer\" data-id=\"a3937ff\" data-element_type=\"widget\" data-e-type=\"widget\" data-widget_type=\"spacer.default\">\n\t\t\t\t\t\t\t<div class=\"elementor-spacer\">\n\t\t\t<div class=\"elementor-spacer-inner\"><\/div>\n\t\t<\/div>\n\t\t\t\t\t\t<\/div>\n\t\t<div class=\"elementor-element elementor-element-ddba4c5 e-con-full e-flex e-con e-child\" data-id=\"ddba4c5\" data-element_type=\"container\" data-e-type=\"container\">\n\t\t<div class=\"elementor-element elementor-element-6efe3c2 e-con-full e-flex e-con e-child\" data-id=\"6efe3c2\" data-element_type=\"container\" data-e-type=\"container\">\n\t\t\t\t<div class=\"elementor-element elementor-element-c741b88 elementor-widget elementor-widget-image\" data-id=\"c741b88\" data-element_type=\"widget\" data-e-type=\"widget\" data-widget_type=\"image.default\">\n\t\t\t\t\t\t\t\t\t\t\t\t\t\t\t<img decoding=\"async\" width=\"150\" height=\"150\" src=\"https:\/\/cdn.zianebilal.com\/wp-content\/uploads\/2020\/07\/video-call-red-150x150.png\" class=\"attachment-thumbnail size-thumbnail wp-image-5739\" alt=\"\" srcset=\"https:\/\/cdn.zianebilal.com\/wp-content\/uploads\/2020\/07\/video-call-red-150x150.png 150w, https:\/\/cdn.zianebilal.com\/wp-content\/uploads\/2020\/07\/video-call-red-300x300.png 300w, https:\/\/cdn.zianebilal.com\/wp-content\/uploads\/2020\/07\/video-call-red-100x100.png 100w, https:\/\/cdn.zianebilal.com\/wp-content\/uploads\/2020\/07\/video-call-red-256x256.png 256w, https:\/\/cdn.zianebilal.com\/wp-content\/uploads\/2020\/07\/video-call-red.png 512w\" sizes=\"(max-width: 150px) 100vw, 150px\" title=\"\">\t\t\t\t\t\t\t\t\t\t\t\t\t\t\t<\/div>\n\t\t\t\t<div class=\"elementor-element elementor-element-b4d9afd elementor-widget elementor-widget-text-editor\" data-id=\"b4d9afd\" data-element_type=\"widget\" data-e-type=\"widget\" data-widget_type=\"text-editor.default\">\n\t\t\t\t\t\t\t\t\t<center><\/center><p style=\"text-align: center;\"><span style=\"text-align: -webkit-center;\">[schedule_button]<\/span><\/p><p> <\/p>\t\t\t\t\t\t\t\t<\/div>\n\t\t\t\t<div class=\"elementor-element elementor-element-bf46cf9 elementor-widget elementor-widget-spacer\" data-id=\"bf46cf9\" data-element_type=\"widget\" data-e-type=\"widget\" data-widget_type=\"spacer.default\">\n\t\t\t\t\t\t\t<div class=\"elementor-spacer\">\n\t\t\t<div class=\"elementor-spacer-inner\"><\/div>\n\t\t<\/div>\n\t\t\t\t\t\t<\/div>\n\t\t\t\t<\/div>\n\t\t<div class=\"elementor-element elementor-element-b34e5f7 e-con-full e-flex e-con e-child\" data-id=\"b34e5f7\" data-element_type=\"container\" data-e-type=\"container\">\n\t\t\t\t<div class=\"elementor-element elementor-element-3fd5278 elementor-widget elementor-widget-image\" data-id=\"3fd5278\" data-element_type=\"widget\" data-e-type=\"widget\" data-widget_type=\"image.default\">\n\t\t\t\t\t\t\t\t\t\t\t\t\t\t\t<img fetchpriority=\"high\" decoding=\"async\" width=\"433\" height=\"509\" src=\"https:\/\/cdn.zianebilal.com\/wp-content\/uploads\/2021\/01\/Bilal-ZIANE-Personal-Background-Presentation.png\" class=\"attachment-large size-large wp-image-5859\" alt=\"ZIANE Bilal - Online Expert\" srcset=\"https:\/\/cdn.zianebilal.com\/wp-content\/uploads\/2021\/01\/Bilal-ZIANE-Personal-Background-Presentation.png 433w, https:\/\/cdn.zianebilal.com\/wp-content\/uploads\/2021\/01\/Bilal-ZIANE-Personal-Background-Presentation-255x300.png 255w, https:\/\/cdn.zianebilal.com\/wp-content\/uploads\/2021\/01\/Bilal-ZIANE-Personal-Background-Presentation-216x254.png 216w\" sizes=\"(max-width: 433px) 100vw, 433px\" title=\"\">\t\t\t\t\t\t\t\t\t\t\t\t\t\t\t<\/div>\n\t\t\t\t<div class=\"elementor-element elementor-element-4b5812b elementor-widget elementor-widget-spacer\" data-id=\"4b5812b\" data-element_type=\"widget\" data-e-type=\"widget\" data-widget_type=\"spacer.default\">\n\t\t\t\t\t\t\t<div class=\"elementor-spacer\">\n\t\t\t<div class=\"elementor-spacer-inner\"><\/div>\n\t\t<\/div>\n\t\t\t\t\t\t<\/div>\n\t\t\t\t<\/div>\n\t\t\t\t<\/div>\n\t\t\t\t<div class=\"elementor-element elementor-element-09bd5cf elementor-widget elementor-widget-spacer\" data-id=\"09bd5cf\" data-element_type=\"widget\" data-e-type=\"widget\" data-widget_type=\"spacer.default\">\n\t\t\t\t\t\t\t<div class=\"elementor-spacer\">\n\t\t\t<div class=\"elementor-spacer-inner\"><\/div>\n\t\t<\/div>\n\t\t\t\t\t\t<\/div>\n\t\t\t\t<div class=\"elementor-element elementor-element-4e0eb21 elementor-widget elementor-widget-text-editor\" data-id=\"4e0eb21\" data-element_type=\"widget\" data-e-type=\"widget\" data-widget_type=\"text-editor.default\">\n\t\t\t\t\t\t\t\t\t<p>N&rsquo;h\u00e9sitez pas \u00e0 r\u00e9server si vous :<\/p><ul><li style=\"list-style-type: none;\"><ul><li>Besoin d&rsquo;un conseil sur une question commerciale<\/li><li>Besoin d&rsquo;aide pour votre entreprise<\/li><li>Vous souhaitez sugg\u00e9rer une id\u00e9e  <\/li><li>Discuter d&rsquo;un partenariat potentiel<\/li><\/ul><\/li><\/ul><p>Et surtout, si vous pensez que c&rsquo;est mon domaine d&rsquo;expertise et que je peux vous aider, alors dans ce cas, discutons-en !<\/p><p>Veuillez m&rsquo;envoyer une br\u00e8ve description du sujet que vous souhaitez aborder afin que nous puissions \u00eatre aussi efficaces que possible. et assurez-vous d&rsquo;avoir ins\u00e9r\u00e9 votre num\u00e9ro de t\u00e9l\u00e9phone whatsapp ou envoyez-moi une invitation sur skype.<\/p><p>Sinon, envoyez-moi un courriel d\u00e9taill\u00e9 \u00e0 la <a href=\"https:\/\/www.zianebilal.com\/get-in-contact-with-me\/\">page de contact<\/a> et fixons un rendez-vous en face \u00e0 face autour d&rsquo;un caf\u00e9.<\/p><p>A bient\u00f4t ;<\/p>\t\t\t\t\t\t\t\t<\/div>\n\t\t\t\t<div class=\"elementor-element elementor-element-911d1fa elementor-widget elementor-widget-spacer\" data-id=\"911d1fa\" data-element_type=\"widget\" data-e-type=\"widget\" data-widget_type=\"spacer.default\">\n\t\t\t\t\t\t\t<div class=\"elementor-spacer\">\n\t\t\t<div class=\"elementor-spacer-inner\"><\/div>\n\t\t<\/div>\n\t\t\t\t\t\t<\/div>\n\t\t\t\t<\/div>\n\t\t\t\t\t<\/div>\n\t\t\t\t<\/div>\n\t\t<div class=\"elementor-element elementor-element-dad1e80 e-flex e-con-boxed e-con e-parent\" data-id=\"dad1e80\" data-element_type=\"container\" data-e-type=\"container\">\n\t\t\t\t\t<div class=\"e-con-inner\">\n\t\t<div class=\"elementor-element elementor-element-7bf30a6 e-con-full e-flex e-con e-child\" data-id=\"7bf30a6\" data-element_type=\"container\" data-e-type=\"container\">\n\t\t\t\t<div class=\"elementor-element elementor-element-2f271e2 elementor-widget elementor-widget-text-editor\" data-id=\"2f271e2\" data-element_type=\"widget\" data-e-type=\"widget\" data-widget_type=\"text-editor.default\">\n\t\t\t\t\t\t\t\t\t<p>Bienvenue dans ma liste des dix films qui ont eu un impact profond sur le d\u00e9veloppement personnel et la r\u00e9ussite professionnelle. Que vous soyez \u00e0 la recherche d&rsquo;inspiration, de motivation ou simplement de divertissement, ces films ont quelque chose \u00e0 offrir \u00e0 chacun. Qu&rsquo;il s&rsquo;agisse d&rsquo;histoires r\u00e9elles de r\u00e9silience et de d\u00e9termination ou d&rsquo;histoires fictives d&rsquo;ambition et de pouvoir, chaque film de cette liste apporte des le\u00e7ons et des enseignements pr\u00e9cieux qui peuvent \u00eatre appliqu\u00e9s \u00e0 votre propre vie et \u00e0 votre carri\u00e8re. Alors, installez-vous confortablement, prenez du pop-corn et pr\u00e9parez-vous \u00e0 \u00eatre inspir\u00e9s et divertis par ces films \u00e9tonnants.<\/p>\t\t\t\t\t\t\t\t<\/div>\n\t\t\t\t<\/div>\n\t\t\t\t\t<\/div>\n\t\t\t\t<\/div>\n\t\t\t\t<\/div>\n\t\t","protected":false},"excerpt":{"rendered":"<p>Vous souhaitez organiser une r\u00e9union en ligne pour discuter de vos besoins professionnels ? En tant que sp\u00e9cialiste du commerce \u00e9lectronique international et du marketing num\u00e9rique avec plus de 10 ans d&rsquo;exp\u00e9rience, je peux vous aider \u00e0 faire passer votre entreprise au niveau sup\u00e9rieur. Travaillons ensemble pour atteindre vos objectifs et d\u00e9velopper votre pr\u00e9sence en ligne.<\/p>\n","protected":false},"author":1,"featured_media":0,"parent":0,"menu_order":0,"comment_status":"closed","ping_status":"closed","template":"elementor_header_footer","meta":{"_monsterinsights_skip_tracking":false,"_monsterinsights_sitenote_active":false,"_monsterinsights_sitenote_note":"","_monsterinsights_sitenote_category":0,"footnotes":""},"class_list":["post-6608","page","type-page","status-publish","hentry"],"_links":{"self":[{"href":"https:\/\/www.zianebilal.com\/fr\/wp-json\/wp\/v2\/pages\/6608","targetHints":{"allow":["GET"]}}],"collection":[{"href":"https:\/\/www.zianebilal.com\/fr\/wp-json\/wp\/v2\/pages"}],"about":[{"href":"https:\/\/www.zianebilal.com\/fr\/wp-json\/wp\/v2\/types\/page"}],"author":[{"embeddable":true,"href":"https:\/\/www.zianebilal.com\/fr\/wp-json\/wp\/v2\/users\/1"}],"replies":[{"embeddable":true,"href":"https:\/\/www.zianebilal.com\/fr\/wp-json\/wp\/v2\/comments?post=6608"}],"version-history":[{"count":0,"href":"https:\/\/www.zianebilal.com\/fr\/wp-json\/wp\/v2\/pages\/6608\/revisions"}],"wp:attachment":[{"href":"https:\/\/www.zianebilal.com\/fr\/wp-json\/wp\/v2\/media?parent=6608"}],"curies":[{"name":"wp","href":"https:\/\/api.w.org\/{rel}","templated":true}]}}