{"id":5984,"date":"2024-04-18T18:41:49","date_gmt":"2024-04-18T17:41:49","guid":{"rendered":"https:\/\/www.zianebilal.com\/clause-de-non-responsabilite\/"},"modified":"2025-06-20T21:54:42","modified_gmt":"2025-06-20T20:54:42","slug":"clause-de-non-responsabilite","status":"publish","type":"page","link":"https:\/\/www.zianebilal.com\/fr\/clause-de-non-responsabilite\/","title":{"rendered":"Clause de non-responsabilit\u00e9"},"content":{"rendered":"\t\t<div data-elementor-type=\"wp-page\" data-elementor-id=\"5984\" class=\"elementor elementor-5984 elementor-5159\" data-elementor-post-type=\"page\">\n\t\t\t\t<div class=\"elementor-element elementor-element-a9161ca e-flex e-con-boxed e-con e-parent\" data-id=\"a9161ca\" data-element_type=\"container\" data-e-type=\"container\">\n\t\t\t\t\t<div class=\"e-con-inner\">\n\t\t<div class=\"elementor-element elementor-element-c434266 e-con-full e-flex e-con e-child\" data-id=\"c434266\" data-element_type=\"container\" data-e-type=\"container\">\n\t\t\t\t<div class=\"elementor-element elementor-element-0370f26 elementor-widget elementor-widget-spacer\" data-id=\"0370f26\" data-element_type=\"widget\" data-e-type=\"widget\" data-widget_type=\"spacer.default\">\n\t\t\t\t\t\t\t<div class=\"elementor-spacer\">\n\t\t\t<div class=\"elementor-spacer-inner\"><\/div>\n\t\t<\/div>\n\t\t\t\t\t\t<\/div>\n\t\t\t\t<div class=\"elementor-element elementor-element-b29c8f0 elementor-widget elementor-widget-text-editor\" data-id=\"b29c8f0\" data-element_type=\"widget\" data-e-type=\"widget\" data-widget_type=\"text-editor.default\">\n\t\t\t\t\t\t\t\t\t<h1 data-custom-class=\"title\"><b><strong>CLAUSE DE NON-RESPONSABILIT\u00c9<\/strong><\/b><\/h1><p data-custom-class=\"subtitle\"><b>\n  <strong>Derni\u00e8re mise \u00e0 jour <\/strong>\n<\/b><b>\n  <strong>21 mai 2020<\/strong>\n<\/b><\/p>\t\t\t\t\t\t\t\t<\/div>\n\t\t\t\t<div class=\"elementor-element elementor-element-9068fe4 elementor-toc--minimized-on-tablet elementor-widget elementor-widget-table-of-contents\" data-id=\"9068fe4\" data-element_type=\"widget\" data-e-type=\"widget\" data-settings=\"{&quot;headings_by_tags&quot;:[&quot;h2&quot;,&quot;h3&quot;],&quot;exclude_headings_by_selector&quot;:[],&quot;no_headings_message&quot;:&quot;No headings were found on this page.&quot;,&quot;marker_view&quot;:&quot;numbers&quot;,&quot;minimize_box&quot;:&quot;yes&quot;,&quot;minimized_on&quot;:&quot;tablet&quot;,&quot;hierarchical_view&quot;:&quot;yes&quot;,&quot;min_height&quot;:{&quot;unit&quot;:&quot;px&quot;,&quot;size&quot;:&quot;&quot;,&quot;sizes&quot;:[]},&quot;min_height_tablet&quot;:{&quot;unit&quot;:&quot;px&quot;,&quot;size&quot;:&quot;&quot;,&quot;sizes&quot;:[]},&quot;min_height_mobile&quot;:{&quot;unit&quot;:&quot;px&quot;,&quot;size&quot;:&quot;&quot;,&quot;sizes&quot;:[]}}\" data-widget_type=\"table-of-contents.default\">\n\t\t\t\t\t\t\t\t\t<div class=\"elementor-toc__header\">\n\t\t\t\t\t\t<h4 class=\"elementor-toc__header-title\">\n\t\t\t\tTable des mati\u00e8res\t\t\t<\/h4>\n\t\t\t\t\t\t\t\t\t\t<div class=\"elementor-toc__toggle-button elementor-toc__toggle-button--expand\" role=\"button\" tabindex=\"0\" aria-controls=\"elementor-toc__9068fe4\" aria-expanded=\"true\" aria-label=\"Open table of contents\"><svg aria-hidden=\"true\" class=\"e-font-icon-svg e-fas-chevron-down\" viewBox=\"0 0 448 512\" xmlns=\"http:\/\/www.w3.org\/2000\/svg\"><path d=\"M207.029 381.476L12.686 187.132c-9.373-9.373-9.373-24.569 0-33.941l22.667-22.667c9.357-9.357 24.522-9.375 33.901-.04L224 284.505l154.745-154.021c9.379-9.335 24.544-9.317 33.901.04l22.667 22.667c9.373 9.373 9.373 24.569 0 33.941L240.971 381.476c-9.373 9.372-24.569 9.372-33.942 0z\"><\/path><\/svg><\/div>\n\t\t\t\t<div class=\"elementor-toc__toggle-button elementor-toc__toggle-button--collapse\" role=\"button\" tabindex=\"0\" aria-controls=\"elementor-toc__9068fe4\" aria-expanded=\"true\" aria-label=\"Close table of contents\"><svg aria-hidden=\"true\" class=\"e-font-icon-svg e-fas-chevron-up\" viewBox=\"0 0 448 512\" xmlns=\"http:\/\/www.w3.org\/2000\/svg\"><path d=\"M240.971 130.524l194.343 194.343c9.373 9.373 9.373 24.569 0 33.941l-22.667 22.667c-9.357 9.357-24.522 9.375-33.901.04L224 227.495 69.255 381.516c-9.379 9.335-24.544 9.317-33.901-.04l-22.667-22.667c-9.373-9.373-9.373-24.569 0-33.941L207.03 130.525c9.372-9.373 24.568-9.373 33.941-.001z\"><\/path><\/svg><\/div>\n\t\t\t\t\t<\/div>\n\t\t\t\t<div id=\"elementor-toc__9068fe4\" class=\"elementor-toc__body\">\n\t\t\t<div class=\"elementor-toc__spinner-container\">\n\t\t\t\t<svg class=\"elementor-toc__spinner eicon-animation-spin e-font-icon-svg e-eicon-loading\" aria-hidden=\"true\" viewBox=\"0 0 1000 1000\" xmlns=\"http:\/\/www.w3.org\/2000\/svg\"><path d=\"M500 975V858C696 858 858 696 858 500S696 142 500 142 142 304 142 500H25C25 237 238 25 500 25S975 237 975 500 763 975 500 975Z\"><\/path><\/svg>\t\t\t<\/div>\n\t\t<\/div>\n\t\t\t\t\t\t<\/div>\n\t\t\t\t<div class=\"elementor-element elementor-element-d533a7e elementor-widget elementor-widget-text-editor\" data-id=\"d533a7e\" data-element_type=\"widget\" data-e-type=\"widget\" data-widget_type=\"text-editor.default\">\n\t\t\t\t\t\t\t\t\t<h2 data-custom-class=\"heading_1\"><b><strong>CLAUSE DE NON-RESPONSABILIT\u00c9 DU SITE WEB<\/strong><\/b><\/h2><p data-custom-class=\"body_text\">Les informations fournies par M. ZIANE Bilal (\u00ab\u00a0je\u00a0\u00bb, \u00ab\u00a0nous\u00a0\u00bb, \u00ab\u00a0notre\u00a0\u00bb ou \u00ab\u00a0nos\u00a0\u00bb) sur <a href=\"https:\/\/www.zianebilal.com\/fr\/\" data-custom-class=\"link\">https:\/\/www.zianebilal.com<\/a> (le \u00ab\u00a0site\u00a0\u00bb) le sont \u00e0 titre d&rsquo;information g\u00e9n\u00e9rale uniquement. Toutes les informations figurant sur le site sont fournies en toute bonne foi, mais nous ne faisons aucune d\u00e9claration ni ne donnons aucune garantie, expresse ou implicite, quant \u00e0 l&rsquo;exactitude, l&rsquo;ad\u00e9quation, la validit\u00e9, la fiabilit\u00e9, la disponibilit\u00e9 ou l&rsquo;exhaustivit\u00e9 des informations figurant sur le site. NOUS NE SERONS EN AUCUN CAS RESPONSABLES ENVERS VOUS DE TOUTE PERTE OU DE TOUT DOMMAGE DE QUELQUE NATURE QUE CE SOIT R\u00c9SULTANT DE L&rsquo;UTILISATION DU SITE OU DE LA CONFIANCE ACCORD\u00c9E \u00c0 TOUTE INFORMATION FOURNIE SUR LE SITE. L&rsquo;UTILISATION DU SITE ET LA CONFIANCE QUE VOUS ACCORDEZ \u00c0 TOUTE INFORMATION SUR LE SITE SE FONT \u00c0 VOS PROPRES RISQUES.<\/p><h2 data-custom-class=\"heading_1\"><b><strong>CLAUSE DE NON-RESPONSABILIT\u00c9 CONCERNANT LES LIENS EXTERNES<br><\/strong><\/b><\/h2><p data-custom-class=\"body_text\">Le site peut contenir (ou vous pouvez \u00eatre envoy\u00e9 par le biais du site) des liens vers d&rsquo;autres sites web ou contenus appartenant \u00e0 des tiers ou provenant de tiers, ou des liens vers des sites web et des fonctionnalit\u00e9s dans des banni\u00e8res ou autres publicit\u00e9s. Ces liens externes ne font pas l&rsquo;objet d&rsquo;une enqu\u00eate, d&rsquo;un contr\u00f4le ou d&rsquo;une v\u00e9rification de notre part quant \u00e0 leur exactitude, leur ad\u00e9quation, leur validit\u00e9, leur fiabilit\u00e9, leur disponibilit\u00e9 ou leur exhaustivit\u00e9. NOUS NE GARANTISSONS PAS, N&rsquo;APPROUVONS PAS ET N&rsquo;ASSUMONS PAS LA RESPONSABILIT\u00c9 DE L&rsquo;EXACTITUDE OU DE LA FIABILIT\u00c9 DES INFORMATIONS OFFERTES PAR LES SITES WEB DE TIERS LI\u00c9S AU SITE OU \u00c0 TOUT SITE WEB OU FONCTION LI\u00c9S \u00c0 UNE BANNI\u00c8RE OU \u00c0 UNE AUTRE PUBLICIT\u00c9. NOUS NE SERONS PAS PARTIE PRENANTE ET NE SERONS EN AUCUN CAS RESPONSABLES DU CONTR\u00d4LE DE TOUTE TRANSACTION ENTRE VOUS ET DES FOURNISSEURS TIERS DE PRODUITS OU DE SERVICES.<\/p><h2 style=\"font-weight: 400;\" data-custom-class=\"heading_1\"><b><strong>CLAUSE DE NON-RESPONSABILIT\u00c9 DES AFFILI\u00c9S<\/strong><\/b><\/h2><p style=\"font-weight: 400;\" data-custom-class=\"body_text\">Le site peut contenir des liens vers des sites web affili\u00e9s, et nous recevons une commission d&rsquo;affiliation pour tout achat effectu\u00e9 par vous sur le site web affili\u00e9 \u00e0 l&rsquo;aide de ces liens.<\/p><h2 data-custom-class=\"heading_1\"><b><strong>T\u00c9MOIGNAGES CLAUSE DE NON-RESPONSABILIT\u00c9<\/strong><\/b><\/h2><p data-custom-class=\"body_text\">Le site peut contenir des t\u00e9moignages d&rsquo;utilisateurs de nos produits et\/ou services. Ces t\u00e9moignages refl\u00e8tent les exp\u00e9riences r\u00e9elles et les opinions de ces utilisateurs. Cependant, les exp\u00e9riences sont personnelles \u00e0 ces utilisateurs particuliers et ne sont pas n\u00e9cessairement repr\u00e9sentatives de tous les utilisateurs de nos produits et\/ou services. Nous ne pr\u00e9tendons pas, et vous ne devez pas supposer, que tous les utilisateurs auront les m\u00eames exp\u00e9riences. VOS R\u00c9SULTATS INDIVIDUELS PEUVENT VARIER.  <\/p><p data-custom-class=\"body_text\">Les t\u00e9moignages sur le site sont soumis sous diverses formes, telles que le texte, l&rsquo;audio et\/ou la vid\u00e9o, et sont examin\u00e9s par nous avant d&rsquo;\u00eatre publi\u00e9s. Elles apparaissent sur le site telles qu&rsquo;elles ont \u00e9t\u00e9 donn\u00e9es par les utilisateurs, \u00e0 l&rsquo;exception de la correction des erreurs de grammaire ou de frappe. Certains t\u00e9moignages peuvent avoir \u00e9t\u00e9 raccourcis par souci de concision lorsque le t\u00e9moignage complet contenait des informations non pertinentes pour le grand public.<\/p><p data-custom-class=\"body_text\">Les points de vue et opinions contenus dans les t\u00e9moignages appartiennent uniquement \u00e0 l&rsquo;utilisateur individuel et ne refl\u00e8tent pas nos points de vue et opinions. Nous ne sommes pas affili\u00e9s aux utilisateurs qui fournissent des t\u00e9moignages, et les utilisateurs ne sont pas r\u00e9mun\u00e9r\u00e9s ou indemnis\u00e9s pour leurs t\u00e9moignages.<\/p>\t\t\t\t\t\t\t\t<\/div>\n\t\t\t\t<div class=\"elementor-element elementor-element-2a89ded elementor-widget elementor-widget-spacer\" data-id=\"2a89ded\" data-element_type=\"widget\" data-e-type=\"widget\" data-widget_type=\"spacer.default\">\n\t\t\t\t\t\t\t<div class=\"elementor-spacer\">\n\t\t\t<div class=\"elementor-spacer-inner\"><\/div>\n\t\t<\/div>\n\t\t\t\t\t\t<\/div>\n\t\t\t\t<\/div>\n\t\t\t\t\t<\/div>\n\t\t\t\t<\/div>\n\t\t\t\t<\/div>\n\t\t","protected":false},"excerpt":{"rendered":"<p>fournissent des informations pr\u00e9cieuses, mais il est important de noter que toute action entreprise sur la base de mes conseils l&rsquo;est \u00e0 vos risques et p\u00e9rils. Lisez la suite pour plus de d\u00e9tails.<\/p>\n","protected":false},"author":1,"featured_media":0,"parent":0,"menu_order":0,"comment_status":"closed","ping_status":"closed","template":"elementor_header_footer","meta":{"_monsterinsights_skip_tracking":false,"_monsterinsights_sitenote_active":false,"_monsterinsights_sitenote_note":"","_monsterinsights_sitenote_category":0,"footnotes":""},"class_list":["post-5984","page","type-page","status-publish","hentry"],"_links":{"self":[{"href":"https:\/\/www.zianebilal.com\/fr\/wp-json\/wp\/v2\/pages\/5984","targetHints":{"allow":["GET"]}}],"collection":[{"href":"https:\/\/www.zianebilal.com\/fr\/wp-json\/wp\/v2\/pages"}],"about":[{"href":"https:\/\/www.zianebilal.com\/fr\/wp-json\/wp\/v2\/types\/page"}],"author":[{"embeddable":true,"href":"https:\/\/www.zianebilal.com\/fr\/wp-json\/wp\/v2\/users\/1"}],"replies":[{"embeddable":true,"href":"https:\/\/www.zianebilal.com\/fr\/wp-json\/wp\/v2\/comments?post=5984"}],"version-history":[{"count":0,"href":"https:\/\/www.zianebilal.com\/fr\/wp-json\/wp\/v2\/pages\/5984\/revisions"}],"wp:attachment":[{"href":"https:\/\/www.zianebilal.com\/fr\/wp-json\/wp\/v2\/media?parent=5984"}],"curies":[{"name":"wp","href":"https:\/\/api.w.org\/{rel}","templated":true}]}}