{"id":5980,"date":"2024-04-18T18:41:27","date_gmt":"2024-04-18T17:41:27","guid":{"rendered":"https:\/\/www.zianebilal.com\/blog\/"},"modified":"2025-06-24T11:41:46","modified_gmt":"2025-06-24T10:41:46","slug":"blog","status":"publish","type":"page","link":"https:\/\/www.zianebilal.com\/fr\/blog\/","title":{"rendered":"Blog"},"content":{"rendered":"\t\t<div data-elementor-type=\"wp-page\" data-elementor-id=\"5980\" class=\"elementor elementor-5980 elementor-5166\" data-elementor-post-type=\"page\">\n\t\t\t\t<div class=\"elementor-element elementor-element-f57c650 e-flex e-con-boxed e-con e-parent\" data-id=\"f57c650\" data-element_type=\"container\" data-e-type=\"container\" data-settings=\"{&quot;background_background&quot;:&quot;gradient&quot;}\">\n\t\t\t\t\t<div class=\"e-con-inner\">\n\t\t<div class=\"elementor-element elementor-element-01f8d16 e-con-full e-flex e-con e-child\" data-id=\"01f8d16\" data-element_type=\"container\" data-e-type=\"container\">\n\t\t\t\t<div class=\"elementor-element elementor-element-73c5237 elementor-widget elementor-widget-spacer\" data-id=\"73c5237\" data-element_type=\"widget\" data-e-type=\"widget\" data-widget_type=\"spacer.default\">\n\t\t\t\t\t\t\t<div class=\"elementor-spacer\">\n\t\t\t<div class=\"elementor-spacer-inner\"><\/div>\n\t\t<\/div>\n\t\t\t\t\t\t<\/div>\n\t\t\t\t<div class=\"elementor-element elementor-element-c90b459 elementor-widget elementor-widget-heading\" data-id=\"c90b459\" data-element_type=\"widget\" data-e-type=\"widget\" data-widget_type=\"heading.default\">\n\t\t\t\t\t<h1 class=\"elementor-heading-title elementor-size-default\">Articles de blog<\/h1>\t\t\t\t<\/div>\n\t\t<div class=\"elementor-element elementor-element-3a1670b e-con-full e-flex e-con e-child\" data-id=\"3a1670b\" data-element_type=\"container\" data-e-type=\"container\">\n\t\t\t\t<div class=\"elementor-element elementor-element-52b1b11 elementor-nav-menu__align-justify elementor-nav-menu__text-align-center elementor-nav-menu--dropdown-tablet elementor-widget elementor-widget-nav-menu\" data-id=\"52b1b11\" data-element_type=\"widget\" data-e-type=\"widget\" data-settings=\"{&quot;layout&quot;:&quot;horizontal&quot;,&quot;submenu_icon&quot;:{&quot;value&quot;:&quot;&lt;svg aria-hidden=\\&quot;true\\&quot; class=\\&quot;e-font-icon-svg e-fas-caret-down\\&quot; viewBox=\\&quot;0 0 320 512\\&quot; xmlns=\\&quot;http:\\\/\\\/www.w3.org\\\/2000\\\/svg\\&quot;&gt;&lt;path d=\\&quot;M31.3 192h257.3c17.8 0 26.7 21.5 14.1 34.1L174.1 354.8c-7.8 7.8-20.5 7.8-28.3 0L17.2 226.1C4.6 213.5 13.5 192 31.3 192z\\&quot;&gt;&lt;\\\/path&gt;&lt;\\\/svg&gt;&quot;,&quot;library&quot;:&quot;fa-solid&quot;}}\" data-widget_type=\"nav-menu.default\">\n\t\t\t\t\t\t\t\t<nav aria-label=\"Menu\" class=\"elementor-nav-menu--main elementor-nav-menu__container elementor-nav-menu--layout-horizontal e--pointer-background e--animation-fade\">\n\t\t\t\t<ul id=\"menu-1-52b1b11\" class=\"elementor-nav-menu\"><li class=\"menu-item menu-item-type-taxonomy menu-item-object-category menu-item-has-children menu-item-7743\"><a href=\"https:\/\/www.zianebilal.com\/fr\/category\/referentiel-de-letat-desprit\/\" class=\"elementor-item\">Moteur Mindset<\/a>\n<ul class=\"sub-menu elementor-nav-menu--dropdown\">\n\t<li class=\"menu-item menu-item-type-taxonomy menu-item-object-category menu-item-7730\"><a href=\"https:\/\/www.zianebilal.com\/fr\/category\/charte-de-confiance\/\" class=\"elementor-sub-item\">Charte de confiance<\/a><\/li>\n\t<li class=\"menu-item menu-item-type-taxonomy menu-item-object-category menu-item-7748\"><a href=\"https:\/\/www.zianebilal.com\/fr\/category\/transformations-de-letat-desprit\/\" class=\"elementor-sub-item\">Transformations de l&rsquo;\u00e9tat d&rsquo;esprit<\/a><\/li>\n\t<li class=\"menu-item menu-item-type-taxonomy menu-item-object-category menu-item-7732\"><a href=\"https:\/\/www.zianebilal.com\/fr\/category\/conscience-de-soi\/\" class=\"elementor-sub-item\">Conscience de soi<\/a><\/li>\n<\/ul>\n<\/li>\n<li class=\"menu-item menu-item-type-taxonomy menu-item-object-category menu-item-has-children menu-item-7747\"><a href=\"https:\/\/www.zianebilal.com\/fr\/category\/tranchant-humanitaire\/\" class=\"elementor-item\">Tranchant humanitaire<\/a>\n<ul class=\"sub-menu elementor-nav-menu--dropdown\">\n\t<li class=\"menu-item menu-item-type-taxonomy menu-item-object-category menu-item-7735\"><a href=\"https:\/\/www.zianebilal.com\/fr\/category\/du-conflit-vers-la-clarte\/\" class=\"elementor-sub-item\">Du conflit vers la clart\u00e9<\/a><\/li>\n\t<li class=\"menu-item menu-item-type-taxonomy menu-item-object-category menu-item-7740\"><a href=\"https:\/\/www.zianebilal.com\/fr\/category\/le-qi-emotionnel\/\" class=\"elementor-sub-item\">Le QI \u00e9motionnel<\/a><\/li>\n\t<li class=\"menu-item menu-item-type-taxonomy menu-item-object-category menu-item-7734\"><a href=\"https:\/\/www.zianebilal.com\/fr\/category\/developpement-des-relations\/\" class=\"elementor-sub-item\">D\u00e9veloppement des relations<\/a><\/li>\n<\/ul>\n<\/li>\n<li class=\"menu-item menu-item-type-taxonomy menu-item-object-category menu-item-has-children menu-item-7741\"><a href=\"https:\/\/www.zianebilal.com\/fr\/category\/mode-fondateur\/\" class=\"elementor-item\">Mode Fondateur<\/a>\n<ul class=\"sub-menu elementor-nav-menu--dropdown\">\n\t<li class=\"menu-item menu-item-type-taxonomy menu-item-object-category menu-item-7733\"><a href=\"https:\/\/www.zianebilal.com\/fr\/category\/developpement-de-marque\/\" class=\"elementor-sub-item\">D\u00e9veloppement de marque<\/a><\/li>\n\t<li class=\"menu-item menu-item-type-taxonomy menu-item-object-category menu-item-7745\"><a href=\"https:\/\/www.zianebilal.com\/fr\/category\/strategie-start-up\/\" class=\"elementor-sub-item\">Strat\u00e9gie start-up<\/a><\/li>\n\t<li class=\"menu-item menu-item-type-taxonomy menu-item-object-category menu-item-7736\"><a href=\"https:\/\/www.zianebilal.com\/fr\/category\/flux-de-richesse\/\" class=\"elementor-sub-item\">Flux de richesse<\/a><\/li>\n<\/ul>\n<\/li>\n<li class=\"menu-item menu-item-type-taxonomy menu-item-object-category menu-item-has-children menu-item-7729\"><a href=\"https:\/\/www.zianebilal.com\/fr\/category\/atouts-numeriques\/\" class=\"elementor-item\">Atouts Num\u00e9riques<\/a>\n<ul class=\"sub-menu elementor-nav-menu--dropdown\">\n\t<li class=\"menu-item menu-item-type-taxonomy menu-item-object-category menu-item-7738\"><a href=\"https:\/\/www.zianebilal.com\/fr\/category\/ia-et-automatisation\/\" class=\"elementor-sub-item\">IA et automatisation<\/a><\/li>\n\t<li class=\"menu-item menu-item-type-taxonomy menu-item-object-category menu-item-7737\"><a href=\"https:\/\/www.zianebilal.com\/fr\/category\/guide-de-cyberdefense\/\" class=\"elementor-sub-item\">Guide de cyberd\u00e9fense<\/a><\/li>\n\t<li class=\"menu-item menu-item-type-taxonomy menu-item-object-category menu-item-7746\"><a href=\"https:\/\/www.zianebilal.com\/fr\/category\/systemes-web-et-ia\/\" class=\"elementor-sub-item\">Syst\u00e8mes web et IA<\/a><\/li>\n<\/ul>\n<\/li>\n<li class=\"menu-item menu-item-type-taxonomy menu-item-object-category menu-item-has-children menu-item-7731\"><a href=\"https:\/\/www.zianebilal.com\/fr\/category\/codes-de-lenergie\/\" class=\"elementor-item\">Codes Energie<\/a>\n<ul class=\"sub-menu elementor-nav-menu--dropdown\">\n\t<li class=\"menu-item menu-item-type-taxonomy menu-item-object-category menu-item-7739\"><a href=\"https:\/\/www.zianebilal.com\/fr\/category\/intelligence-nutritionnelle\/\" class=\"elementor-sub-item\">Intelligence nutritionnelle<\/a><\/li>\n\t<li class=\"menu-item menu-item-type-taxonomy menu-item-object-category menu-item-7742\"><a href=\"https:\/\/www.zianebilal.com\/fr\/category\/puissance-et-longevite\/\" class=\"elementor-sub-item\">Puissance et long\u00e9vit\u00e9<\/a><\/li>\n\t<li class=\"menu-item menu-item-type-taxonomy menu-item-object-category menu-item-7744\"><a href=\"https:\/\/www.zianebilal.com\/fr\/category\/resilience-au-stress\/\" class=\"elementor-sub-item\">r\u00e9silience au stress<\/a><\/li>\n<\/ul>\n<\/li>\n<\/ul>\t\t\t<\/nav>\n\t\t\t\t\t\t<nav class=\"elementor-nav-menu--dropdown elementor-nav-menu__container\" aria-hidden=\"true\">\n\t\t\t\t<ul id=\"menu-2-52b1b11\" class=\"elementor-nav-menu\"><li class=\"menu-item menu-item-type-taxonomy menu-item-object-category menu-item-has-children menu-item-7743\"><a href=\"https:\/\/www.zianebilal.com\/fr\/category\/referentiel-de-letat-desprit\/\" class=\"elementor-item\" tabindex=\"-1\">Moteur Mindset<\/a>\n<ul class=\"sub-menu elementor-nav-menu--dropdown\">\n\t<li class=\"menu-item menu-item-type-taxonomy menu-item-object-category menu-item-7730\"><a href=\"https:\/\/www.zianebilal.com\/fr\/category\/charte-de-confiance\/\" class=\"elementor-sub-item\" tabindex=\"-1\">Charte de confiance<\/a><\/li>\n\t<li class=\"menu-item menu-item-type-taxonomy menu-item-object-category menu-item-7748\"><a href=\"https:\/\/www.zianebilal.com\/fr\/category\/transformations-de-letat-desprit\/\" class=\"elementor-sub-item\" tabindex=\"-1\">Transformations de l&rsquo;\u00e9tat d&rsquo;esprit<\/a><\/li>\n\t<li class=\"menu-item menu-item-type-taxonomy menu-item-object-category menu-item-7732\"><a href=\"https:\/\/www.zianebilal.com\/fr\/category\/conscience-de-soi\/\" class=\"elementor-sub-item\" tabindex=\"-1\">Conscience de soi<\/a><\/li>\n<\/ul>\n<\/li>\n<li class=\"menu-item menu-item-type-taxonomy menu-item-object-category menu-item-has-children menu-item-7747\"><a href=\"https:\/\/www.zianebilal.com\/fr\/category\/tranchant-humanitaire\/\" class=\"elementor-item\" tabindex=\"-1\">Tranchant humanitaire<\/a>\n<ul class=\"sub-menu elementor-nav-menu--dropdown\">\n\t<li class=\"menu-item menu-item-type-taxonomy menu-item-object-category menu-item-7735\"><a href=\"https:\/\/www.zianebilal.com\/fr\/category\/du-conflit-vers-la-clarte\/\" class=\"elementor-sub-item\" tabindex=\"-1\">Du conflit vers la clart\u00e9<\/a><\/li>\n\t<li class=\"menu-item menu-item-type-taxonomy menu-item-object-category menu-item-7740\"><a href=\"https:\/\/www.zianebilal.com\/fr\/category\/le-qi-emotionnel\/\" class=\"elementor-sub-item\" tabindex=\"-1\">Le QI \u00e9motionnel<\/a><\/li>\n\t<li class=\"menu-item menu-item-type-taxonomy menu-item-object-category menu-item-7734\"><a href=\"https:\/\/www.zianebilal.com\/fr\/category\/developpement-des-relations\/\" class=\"elementor-sub-item\" tabindex=\"-1\">D\u00e9veloppement des relations<\/a><\/li>\n<\/ul>\n<\/li>\n<li class=\"menu-item menu-item-type-taxonomy menu-item-object-category menu-item-has-children menu-item-7741\"><a href=\"https:\/\/www.zianebilal.com\/fr\/category\/mode-fondateur\/\" class=\"elementor-item\" tabindex=\"-1\">Mode Fondateur<\/a>\n<ul class=\"sub-menu elementor-nav-menu--dropdown\">\n\t<li class=\"menu-item menu-item-type-taxonomy menu-item-object-category menu-item-7733\"><a href=\"https:\/\/www.zianebilal.com\/fr\/category\/developpement-de-marque\/\" class=\"elementor-sub-item\" tabindex=\"-1\">D\u00e9veloppement de marque<\/a><\/li>\n\t<li class=\"menu-item menu-item-type-taxonomy menu-item-object-category menu-item-7745\"><a href=\"https:\/\/www.zianebilal.com\/fr\/category\/strategie-start-up\/\" class=\"elementor-sub-item\" tabindex=\"-1\">Strat\u00e9gie start-up<\/a><\/li>\n\t<li class=\"menu-item menu-item-type-taxonomy menu-item-object-category menu-item-7736\"><a href=\"https:\/\/www.zianebilal.com\/fr\/category\/flux-de-richesse\/\" class=\"elementor-sub-item\" tabindex=\"-1\">Flux de richesse<\/a><\/li>\n<\/ul>\n<\/li>\n<li class=\"menu-item menu-item-type-taxonomy menu-item-object-category menu-item-has-children menu-item-7729\"><a href=\"https:\/\/www.zianebilal.com\/fr\/category\/atouts-numeriques\/\" class=\"elementor-item\" tabindex=\"-1\">Atouts Num\u00e9riques<\/a>\n<ul class=\"sub-menu elementor-nav-menu--dropdown\">\n\t<li class=\"menu-item menu-item-type-taxonomy menu-item-object-category menu-item-7738\"><a href=\"https:\/\/www.zianebilal.com\/fr\/category\/ia-et-automatisation\/\" class=\"elementor-sub-item\" tabindex=\"-1\">IA et automatisation<\/a><\/li>\n\t<li class=\"menu-item menu-item-type-taxonomy menu-item-object-category menu-item-7737\"><a href=\"https:\/\/www.zianebilal.com\/fr\/category\/guide-de-cyberdefense\/\" class=\"elementor-sub-item\" tabindex=\"-1\">Guide de cyberd\u00e9fense<\/a><\/li>\n\t<li class=\"menu-item menu-item-type-taxonomy menu-item-object-category menu-item-7746\"><a href=\"https:\/\/www.zianebilal.com\/fr\/category\/systemes-web-et-ia\/\" class=\"elementor-sub-item\" tabindex=\"-1\">Syst\u00e8mes web et IA<\/a><\/li>\n<\/ul>\n<\/li>\n<li class=\"menu-item menu-item-type-taxonomy menu-item-object-category menu-item-has-children menu-item-7731\"><a href=\"https:\/\/www.zianebilal.com\/fr\/category\/codes-de-lenergie\/\" class=\"elementor-item\" tabindex=\"-1\">Codes Energie<\/a>\n<ul class=\"sub-menu elementor-nav-menu--dropdown\">\n\t<li class=\"menu-item menu-item-type-taxonomy menu-item-object-category menu-item-7739\"><a href=\"https:\/\/www.zianebilal.com\/fr\/category\/intelligence-nutritionnelle\/\" class=\"elementor-sub-item\" tabindex=\"-1\">Intelligence nutritionnelle<\/a><\/li>\n\t<li class=\"menu-item menu-item-type-taxonomy menu-item-object-category menu-item-7742\"><a href=\"https:\/\/www.zianebilal.com\/fr\/category\/puissance-et-longevite\/\" class=\"elementor-sub-item\" tabindex=\"-1\">Puissance et long\u00e9vit\u00e9<\/a><\/li>\n\t<li class=\"menu-item menu-item-type-taxonomy menu-item-object-category menu-item-7744\"><a href=\"https:\/\/www.zianebilal.com\/fr\/category\/resilience-au-stress\/\" class=\"elementor-sub-item\" tabindex=\"-1\">r\u00e9silience au stress<\/a><\/li>\n<\/ul>\n<\/li>\n<\/ul>\t\t\t<\/nav>\n\t\t\t\t\t\t<\/div>\n\t\t\t\t<\/div>\n\t\t\t\t<\/div>\n\t\t\t\t\t<\/div>\n\t\t\t\t<\/div>\n\t\t<div class=\"elementor-element elementor-element-7b3aead e-flex e-con-boxed e-con e-parent\" data-id=\"7b3aead\" data-element_type=\"container\" data-e-type=\"container\">\n\t\t\t\t\t<div class=\"e-con-inner\">\n\t\t<div class=\"elementor-element elementor-element-15260e1d e-con-full e-flex e-con e-child\" data-id=\"15260e1d\" data-element_type=\"container\" data-e-type=\"container\">\n\t\t\t\t<div class=\"elementor-element elementor-element-3b18361f elementor-widget elementor-widget-heading\" data-id=\"3b18361f\" data-element_type=\"widget\" data-e-type=\"widget\" data-widget_type=\"heading.default\">\n\t\t\t\t\t<h3 class=\"elementor-heading-title elementor-size-default\">La sagesse est dans le voyage, pas seulement dans la destination<\/h3>\t\t\t\t<\/div>\n\t\t\t\t<div class=\"elementor-element elementor-element-348a5eee elementor-widget elementor-widget-heading\" data-id=\"348a5eee\" data-element_type=\"widget\" data-e-type=\"widget\" data-widget_type=\"heading.default\">\n\t\t\t\t\t<h3 class=\"elementor-heading-title elementor-size-default\">Parce que la croissance ne s'arr\u00eate jamais vraiment<\/h3>\t\t\t\t<\/div>\n\t\t\t\t<div class=\"elementor-element elementor-element-45123519 elementor-widget elementor-widget-text-editor\" data-id=\"45123519\" data-element_type=\"widget\" data-e-type=\"widget\" data-widget_type=\"text-editor.default\">\n\t\t\t\t\t\t\t\t\t<p><img decoding=\"async\" class=\"alignleft size-thumbnail wp-image-6164\" src=\"https:\/\/www.zianebilal.com\/wp-content\/uploads\/2025\/06\/Blog-Section-ZIANE-Bilal-150x150.webp\" alt=\"Blog Page - Footer Section Website ZIANE Bilal\" width=\"150\" height=\"150\" title=\"\" srcset=\"https:\/\/cdn.zianebilal.com\/wp-content\/uploads\/2025\/06\/Blog-Section-ZIANE-Bilal-150x150.webp 150w, https:\/\/cdn.zianebilal.com\/wp-content\/uploads\/2025\/06\/Blog-Section-ZIANE-Bilal-100x100.webp 100w, https:\/\/cdn.zianebilal.com\/wp-content\/uploads\/2025\/06\/Blog-Section-ZIANE-Bilal-96x96.webp 96w, https:\/\/cdn.zianebilal.com\/wp-content\/uploads\/2025\/06\/Blog-Section-ZIANE-Bilal.webp 256w\" sizes=\"(max-width: 150px) 100vw, 150px\" \/><\/p><p data-spm-anchor-id=\"a2ty_o01.29997173.0.i15.15c75171w3EhHK\">Chaque article que vous trouverez ici a \u00e9t\u00e9 r\u00e9dig\u00e9 non seulement pour partager des connaissances, mais aussi pour susciter la r\u00e9flexion, l&rsquo;action et le progr\u00e8s. Ces archives sont plus qu&rsquo;une collection d&rsquo;id\u00e9es &#8211; c&rsquo;est un registre d&rsquo;exp\u00e9riences r\u00e9elles, de strat\u00e9gies test\u00e9es et de le\u00e7ons apprises en cours de route. Que vous revisitiez des id\u00e9es famili\u00e8res ou que vous en d\u00e9couvriez de nouvelles, il y a toujours une nouvelle couche \u00e0 d\u00e9couvrir.  <\/p><div class=\"my-2\"> <\/div><p>Si ce que vous lisez vous interpelle &#8211; ou si vous ne savez pas encore comment l&rsquo;appliquer &#8211; je suis pr\u00eate \u00e0 engager la conversation. Mon objectif a toujours \u00e9t\u00e9 simple : aider les personnes en qu\u00eate de clart\u00e9 \u00e0 franchir la prochaine \u00e9tape en toute confiance. Vous pouvez me contacter directement par courrier \u00e9lectronique, consulter la section FAQ ou utiliser le formulaire de contact.  <\/p><div class=\"my-2\"> <\/div><p data-spm-anchor-id=\"a2ty_o01.29997173.0.i16.15c75171w3EhHK\">Je vous remercie d&rsquo;\u00eatre ici. C&rsquo;est votre parcours qui donne un sens au travail que nous faisons &#8211; et je suis honor\u00e9e de marcher \u00e0 vos c\u00f4t\u00e9s. <\/p><p data-spm-anchor-id=\"a2ty_o01.29997173.0.i16.15c75171w3EhHK\"> <\/p>\t\t\t\t\t\t\t\t<\/div>\n\t\t\t\t<\/div>\n\t\t\t\t\t<\/div>\n\t\t\t\t<\/div>\n\t\t\t\t<\/div>\n\t\t","protected":false},"excerpt":{"rendered":"<p>Bienvenue sur mon blog personnel o\u00f9 je partage mon expertise dans le domaine du marketing digital et du ecommerce. Au travers de mes articles et de mes posts, je souhaite vous apporter des informations et des conseils pr\u00e9cieux pour vous aider \u00e0 d\u00e9velopper votre pr\u00e9sence en ligne et \u00e0 r\u00e9ussir dans le monde num\u00e9rique. Des strat\u00e9gies de m\u00e9dias sociaux aux techniques de r\u00e9f\u00e9rencement, en passant par tout ce qui se trouve entre les deux, je couvre un large \u00e9ventail de sujets qui peuvent b\u00e9n\u00e9ficier aux entreprises comme aux particuliers.  <\/p>\n","protected":false},"author":1,"featured_media":0,"parent":0,"menu_order":0,"comment_status":"closed","ping_status":"closed","template":"elementor_header_footer","meta":{"_monsterinsights_skip_tracking":false,"_monsterinsights_sitenote_active":false,"_monsterinsights_sitenote_note":"","_monsterinsights_sitenote_category":0,"footnotes":""},"class_list":["post-5980","page","type-page","status-publish","hentry"],"_links":{"self":[{"href":"https:\/\/www.zianebilal.com\/fr\/wp-json\/wp\/v2\/pages\/5980","targetHints":{"allow":["GET"]}}],"collection":[{"href":"https:\/\/www.zianebilal.com\/fr\/wp-json\/wp\/v2\/pages"}],"about":[{"href":"https:\/\/www.zianebilal.com\/fr\/wp-json\/wp\/v2\/types\/page"}],"author":[{"embeddable":true,"href":"https:\/\/www.zianebilal.com\/fr\/wp-json\/wp\/v2\/users\/1"}],"replies":[{"embeddable":true,"href":"https:\/\/www.zianebilal.com\/fr\/wp-json\/wp\/v2\/comments?post=5980"}],"version-history":[{"count":0,"href":"https:\/\/www.zianebilal.com\/fr\/wp-json\/wp\/v2\/pages\/5980\/revisions"}],"wp:attachment":[{"href":"https:\/\/www.zianebilal.com\/fr\/wp-json\/wp\/v2\/media?parent=5980"}],"curies":[{"name":"wp","href":"https:\/\/api.w.org\/{rel}","templated":true}]}}