{"id":6664,"date":"2025-06-20T21:45:53","date_gmt":"2025-06-20T20:45:53","guid":{"rendered":"https:\/\/www.zianebilal.com\/nehmen-sie-kontakt-mit-mir-auf\/"},"modified":"2025-06-20T21:46:19","modified_gmt":"2025-06-20T20:46:19","slug":"nehmen-sie-kontakt-mit-mir-auf","status":"publish","type":"page","link":"https:\/\/www.zianebilal.com\/de\/nehmen-sie-kontakt-mit-mir-auf\/","title":{"rendered":"Nehmen Sie Kontakt mit mir auf"},"content":{"rendered":"\t\t<div data-elementor-type=\"wp-page\" data-elementor-id=\"6664\" class=\"elementor elementor-6664 elementor-5066\" data-elementor-post-type=\"page\">\n\t\t\t\t<div class=\"elementor-element elementor-element-82487f7 e-flex e-con-boxed e-con e-parent\" data-id=\"82487f7\" data-element_type=\"container\" data-e-type=\"container\">\n\t\t\t\t\t<div class=\"e-con-inner\">\n\t\t<div class=\"elementor-element elementor-element-c6aad68 e-con-full e-flex e-con e-child\" data-id=\"c6aad68\" data-element_type=\"container\" data-e-type=\"container\">\n\t\t\t\t<div class=\"elementor-element elementor-element-d9c355f elementor-widget elementor-widget-heading\" data-id=\"d9c355f\" data-element_type=\"widget\" data-e-type=\"widget\" data-widget_type=\"heading.default\">\n\t\t\t\t\t<h2 class=\"elementor-heading-title elementor-size-default\">Hey! Was gibt's?<\/h2>\t\t\t\t<\/div>\n\t\t\t\t<div class=\"elementor-element elementor-element-328217a elementor-widget elementor-widget-text-editor\" data-id=\"328217a\" data-element_type=\"widget\" data-e-type=\"widget\" data-widget_type=\"text-editor.default\">\n\t\t\t\t\t\t\t\t\t<p>Auf dieser Seite finden Sie ein Formular, mit dem Sie sich direkt mit mir in Verbindung setzen k\u00f6nnen. Bitte geben Sie so viele Details wie m\u00f6glich an, und ich werde sie gerne durchgehen und mich so schnell wie m\u00f6glich mit Ihnen in Verbindung setzen.<\/p><p>Schreiben Sie mir eine Nachricht und lassen Sie mich wissen, was los ist:<\/p>\t\t\t\t\t\t\t\t<\/div>\n\t\t\t\t<div class=\"elementor-element elementor-element-feff902 elementor-widget elementor-widget-spacer\" data-id=\"feff902\" data-element_type=\"widget\" data-e-type=\"widget\" data-widget_type=\"spacer.default\">\n\t\t\t\t\t\t\t<div class=\"elementor-spacer\">\n\t\t\t<div class=\"elementor-spacer-inner\"><\/div>\n\t\t<\/div>\n\t\t\t\t\t\t<\/div>\n\t\t\t\t<div class=\"elementor-element elementor-element-d7c4e43 elementor-button-align-stretch elementor-widget elementor-widget-form\" data-id=\"d7c4e43\" data-element_type=\"widget\" data-e-type=\"widget\" data-settings=\"{&quot;step_next_label&quot;:&quot;N\\u00e4chste&quot;,&quot;step_previous_label&quot;:&quot;Vorherige&quot;,&quot;button_width&quot;:&quot;100&quot;,&quot;step_type&quot;:&quot;number_text&quot;,&quot;step_icon_shape&quot;:&quot;circle&quot;}\" data-widget_type=\"form.default\">\n\t\t\t\t\t\t\t<form class=\"elementor-form\" method=\"post\" name=\"Haupt-Kontakt-Formular\" aria-label=\"Haupt-Kontakt-Formular\">\n\t\t\t<input type=\"hidden\" name=\"post_id\" value=\"6664\"\/>\n\t\t\t<input type=\"hidden\" name=\"form_id\" value=\"d7c4e43\"\/>\n\t\t\t<input type=\"hidden\" name=\"referer_title\" value=\"\" \/>\n\n\t\t\t\n\t\t\t<div class=\"elementor-form-fields-wrapper elementor-labels-above\">\n\t\t\t\t\t\t\t\t<div class=\"elementor-field-type-text elementor-field-group elementor-column elementor-field-group-name elementor-col-100 elementor-field-required elementor-mark-required\">\n\t\t\t\t\t\t\t\t\t\t\t\t<label for=\"form-field-name\" class=\"elementor-field-label\">\n\t\t\t\t\t\t\t\tIhr vollst\u00e4ndiger Name (erforderlich)\t\t\t\t\t\t\t<\/label>\n\t\t\t\t\t\t\t\t\t\t\t\t\t\t<input size=\"1\" type=\"text\" name=\"form_fields[name]\" id=\"form-field-name\" class=\"elementor-field elementor-size-md  elementor-field-textual\" placeholder=\"Name\" required=\"required\">\n\t\t\t\t\t\t\t\t\t\t\t<\/div>\n\t\t\t\t\t\t\t\t<div class=\"elementor-field-type-email elementor-field-group elementor-column elementor-field-group-email elementor-col-100 elementor-field-required elementor-mark-required\">\n\t\t\t\t\t\t\t\t\t\t\t\t<label for=\"form-field-email\" class=\"elementor-field-label\">\n\t\t\t\t\t\t\t\tIhre E-Mail (erforderlich)\t\t\t\t\t\t\t<\/label>\n\t\t\t\t\t\t\t\t\t\t\t\t\t\t<input size=\"1\" type=\"email\" name=\"form_fields[email]\" id=\"form-field-email\" class=\"elementor-field elementor-size-md  elementor-field-textual\" placeholder=\"E-Mail\" required=\"required\">\n\t\t\t\t\t\t\t\t\t\t\t<\/div>\n\t\t\t\t\t\t\t\t<div class=\"elementor-field-type-select elementor-field-group elementor-column elementor-field-group-field_subject elementor-col-100\">\n\t\t\t\t\t\t\t\t\t\t\t\t<label for=\"form-field-field_subject\" class=\"elementor-field-label\">\n\t\t\t\t\t\t\t\tThema\t\t\t\t\t\t\t<\/label>\n\t\t\t\t\t\t\t\t<div class=\"elementor-field elementor-select-wrapper remove-before \">\n\t\t\t<div class=\"select-caret-down-wrapper\">\n\t\t\t\t<svg aria-hidden=\"true\" class=\"e-font-icon-svg e-eicon-caret-down\" viewBox=\"0 0 571.4 571.4\" xmlns=\"http:\/\/www.w3.org\/2000\/svg\"><path d=\"M571 393Q571 407 561 418L311 668Q300 679 286 679T261 668L11 418Q0 407 0 393T11 368 36 357H536Q550 357 561 368T571 393Z\"><\/path><\/svg>\t\t\t<\/div>\n\t\t\t<select name=\"form_fields[field_subject]\" id=\"form-field-field_subject\" class=\"elementor-field-textual elementor-size-md\">\n\t\t\t\t\t\t\t\t\t<option value=\"Allgemeine Anfrage\">Allgemeine Anfrage<\/option>\n\t\t\t\t\t\t\t\t\t<option value=\"Stellen Sie mich f\u00fcr ein Beratungsgespr\u00e4ch ein\">Stellen Sie mich f\u00fcr ein Beratungsgespr\u00e4ch ein<\/option>\n\t\t\t\t\t\t\t\t\t<option value=\"Stellen Sie mein Team f\u00fcr Ihres ein\">Stellen Sie mein Team f\u00fcr Ihres ein<\/option>\n\t\t\t\t\t\t\t\t\t<option value=\"Veranstaltungseinladung\">Veranstaltungseinladung<\/option>\n\t\t\t\t\t\t\t\t\t<option value=\"Presse\">Presse<\/option>\n\t\t\t\t\t\t\t<\/select>\n\t\t<\/div>\n\t\t\t\t\t\t<\/div>\n\t\t\t\t\t\t\t\t<div class=\"elementor-field-type-textarea elementor-field-group elementor-column elementor-field-group-message elementor-col-100 elementor-field-required elementor-mark-required\">\n\t\t\t\t\t\t\t\t\t\t\t\t<label for=\"form-field-message\" class=\"elementor-field-label\">\n\t\t\t\t\t\t\t\tIhre Nachricht (erforderlich)\t\t\t\t\t\t\t<\/label>\n\t\t\t\t\t\t<textarea class=\"elementor-field-textual elementor-field  elementor-size-md\" name=\"form_fields[message]\" id=\"form-field-message\" rows=\"8\" placeholder=\"Nachricht\" required=\"required\"><\/textarea>\t\t\t\t<\/div>\n\t\t\t\t\t\t\t\t<div class=\"elementor-field-type-tel elementor-field-group elementor-column elementor-field-group-field_bef4bdc elementor-col-100\">\n\t\t\t\t\t\t\t\t\t\t\t\t<label for=\"form-field-field_bef4bdc\" class=\"elementor-field-label\">\n\t\t\t\t\t\t\t\tIhre Telefonnummer (Optional)\t\t\t\t\t\t\t<\/label>\n\t\t\t\t\t\t\t\t<input size=\"1\" type=\"tel\" name=\"form_fields[field_bef4bdc]\" id=\"form-field-field_bef4bdc\" class=\"elementor-field elementor-size-md  elementor-field-textual\" placeholder=\"(+212) 666 66 66 66\" pattern=\"[0-9()#&amp;+*-=.]+\" title=\"Only numbers and phone characters (#, -, *, etc) are accepted.\">\n\n\t\t\t\t\t\t<\/div>\n\t\t\t\t\t\t\t\t<div class=\"elementor-field-type-text elementor-field-group elementor-column elementor-field-group-field_ffb76c1 elementor-col-100\">\n\t\t\t\t\t\t\t\t\t\t\t\t<label for=\"form-field-field_ffb76c1\" class=\"elementor-field-label\">\n\t\t\t\t\t\t\t\tAndere Kontaktreferenzen (fakultativ)\t\t\t\t\t\t\t<\/label>\n\t\t\t\t\t\t\t\t\t\t\t\t\t\t<input size=\"1\" type=\"text\" name=\"form_fields[field_ffb76c1]\" id=\"form-field-field_ffb76c1\" class=\"elementor-field elementor-size-md  elementor-field-textual\" placeholder=\"Skype \/ Messenger \/ Instagram \/ Website ...\">\n\t\t\t\t\t\t\t\t\t\t\t<\/div>\n\t\t\t\t\t\t\t\t<div class=\"elementor-field-type-recaptcha_v3 elementor-field-group elementor-column elementor-field-group-recaptcha elementor-col-100 recaptcha_v3-inline\">\n\t\t\t\t\t<div class=\"elementor-field\" id=\"form-field-recaptcha\"><div class=\"elementor-g-recaptcha\" data-sitekey=\"6LfPa7oUAAAAAMKGc6fLOWkANGe7dVQIxgPzAV4b\" data-type=\"v3\" data-action=\"Form\" data-badge=\"inline\" data-size=\"invisible\"><\/div><\/div>\t\t\t\t<\/div>\n\t\t\t\t\t\t\t\t<div class=\"elementor-field-group elementor-column elementor-field-type-submit elementor-col-100 e-form__buttons\">\n\t\t\t\t\t<button class=\"elementor-button elementor-size-lg\" type=\"submit\" id=\"Send-contactform\">\n\t\t\t\t\t\t<span class=\"elementor-button-content-wrapper\">\n\t\t\t\t\t\t\t\t\t\t\t\t\t\t\t\t\t\t\t\t\t\t<span class=\"elementor-button-text\">Senden Sie<\/span>\n\t\t\t\t\t\t\t\t\t\t\t\t\t<\/span>\n\t\t\t\t\t<\/button>\n\t\t\t\t<\/div>\n\t\t\t<\/div>\n\t\t<\/form>\n\t\t\t\t\t\t<\/div>\n\t\t\t\t<\/div>\n\t\t\t\t\t<\/div>\n\t\t\t\t<\/div>\n\t\t\t\t<\/div>\n\t\t","protected":false},"excerpt":{"rendered":"<p>Wenn Sie auf der Suche nach fachkundiger Beratung in den Bereichen internationaler E-Commerce, digitales Marketing, Zahlungsabwicklung, E-Mail-Marketing oder Informationssicherheit sind, sind Sie bei mir an der richtigen Adresse. Ich verf\u00fcge \u00fcber jahrelange Erfahrung und helfe Ihnen, Ihre Ziele zu erreichen und Ihr Unternehmen zu neuen H\u00f6hen zu f\u00fchren. Lassen Sie uns gemeinsam daran arbeiten, Ihre Online-Pr\u00e4senz zu einem Erfolg zu machen.  <\/p>\n","protected":false},"author":1,"featured_media":0,"parent":0,"menu_order":0,"comment_status":"closed","ping_status":"closed","template":"elementor_header_footer","meta":{"_monsterinsights_skip_tracking":false,"_monsterinsights_sitenote_active":false,"_monsterinsights_sitenote_note":"","_monsterinsights_sitenote_category":0,"footnotes":""},"class_list":["post-6664","page","type-page","status-publish","hentry"],"_links":{"self":[{"href":"https:\/\/www.zianebilal.com\/de\/wp-json\/wp\/v2\/pages\/6664","targetHints":{"allow":["GET"]}}],"collection":[{"href":"https:\/\/www.zianebilal.com\/de\/wp-json\/wp\/v2\/pages"}],"about":[{"href":"https:\/\/www.zianebilal.com\/de\/wp-json\/wp\/v2\/types\/page"}],"author":[{"embeddable":true,"href":"https:\/\/www.zianebilal.com\/de\/wp-json\/wp\/v2\/users\/1"}],"replies":[{"embeddable":true,"href":"https:\/\/www.zianebilal.com\/de\/wp-json\/wp\/v2\/comments?post=6664"}],"version-history":[{"count":0,"href":"https:\/\/www.zianebilal.com\/de\/wp-json\/wp\/v2\/pages\/6664\/revisions"}],"wp:attachment":[{"href":"https:\/\/www.zianebilal.com\/de\/wp-json\/wp\/v2\/media?parent=6664"}],"curies":[{"name":"wp","href":"https:\/\/api.w.org\/{rel}","templated":true}]}}