{"id":6609,"date":"2025-06-20T21:39:16","date_gmt":"2025-06-20T20:39:16","guid":{"rendered":"https:\/\/www.zianebilal.com\/buchen-sie-mich-fuer-ein-gespraech\/"},"modified":"2025-06-20T21:39:45","modified_gmt":"2025-06-20T20:39:45","slug":"buchen-sie-mich-fuer-ein-gespraech","status":"publish","type":"page","link":"https:\/\/www.zianebilal.com\/de\/buchen-sie-mich-fuer-ein-gespraech\/","title":{"rendered":"Buchen Sie mich f\u00fcr ein Gespr\u00e4ch"},"content":{"rendered":"\t\t<div data-elementor-type=\"wp-page\" data-elementor-id=\"6609\" class=\"elementor elementor-6609 elementor-5038\" data-elementor-post-type=\"page\">\n\t\t\t\t<div class=\"elementor-element elementor-element-df53121 e-flex e-con-boxed e-con e-parent\" data-id=\"df53121\" data-element_type=\"container\" data-e-type=\"container\">\n\t\t\t\t\t<div class=\"e-con-inner\">\n\t\t<div class=\"elementor-element elementor-element-dc2f411 e-con-full e-flex e-con e-child\" data-id=\"dc2f411\" data-element_type=\"container\" data-e-type=\"container\">\n\t\t\t\t<div class=\"elementor-element elementor-element-80c4d7c elementor-widget elementor-widget-heading\" data-id=\"80c4d7c\" data-element_type=\"widget\" data-e-type=\"widget\" data-widget_type=\"heading.default\">\n\t\t\t\t\t<h2 class=\"elementor-heading-title elementor-size-default\">Sch\u00f6n, Sie hier zu sehen :)<\/h2>\t\t\t\t<\/div>\n\t\t\t\t<\/div>\n\t\t\t\t\t<\/div>\n\t\t\t\t<\/div>\n\t\t<div class=\"elementor-element elementor-element-533cfc6 e-flex e-con-boxed e-con e-parent\" data-id=\"533cfc6\" data-element_type=\"container\" data-e-type=\"container\">\n\t\t\t\t\t<div class=\"e-con-inner\">\n\t\t<div class=\"elementor-element elementor-element-8311fca e-con-full e-flex e-con e-child\" data-id=\"8311fca\" data-element_type=\"container\" data-e-type=\"container\">\n\t\t\t\t<div class=\"elementor-element elementor-element-5336d2a elementor-widget elementor-widget-text-editor\" data-id=\"5336d2a\" data-element_type=\"widget\" data-e-type=\"widget\" data-widget_type=\"text-editor.default\">\n\t\t\t\t\t\t\t\t\t<p>Ich freue mich immer, mit Ihnen zu chatten, <br>. Auf dieser Seite k\u00f6nnen Sie mich f\u00fcr einen Live-Call-Chat buchen und ein Treffen mit mir \u00fcber <strong>Google Meet<\/strong> vereinbaren.<\/p>\t\t\t\t\t\t\t\t<\/div>\n\t\t\t\t<div class=\"elementor-element elementor-element-a3937ff elementor-widget elementor-widget-spacer\" data-id=\"a3937ff\" data-element_type=\"widget\" data-e-type=\"widget\" data-widget_type=\"spacer.default\">\n\t\t\t\t\t\t\t<div class=\"elementor-spacer\">\n\t\t\t<div class=\"elementor-spacer-inner\"><\/div>\n\t\t<\/div>\n\t\t\t\t\t\t<\/div>\n\t\t<div class=\"elementor-element elementor-element-ddba4c5 e-con-full e-flex e-con e-child\" data-id=\"ddba4c5\" data-element_type=\"container\" data-e-type=\"container\">\n\t\t<div class=\"elementor-element elementor-element-6efe3c2 e-con-full e-flex e-con e-child\" data-id=\"6efe3c2\" data-element_type=\"container\" data-e-type=\"container\">\n\t\t\t\t<div class=\"elementor-element elementor-element-c741b88 elementor-widget elementor-widget-image\" data-id=\"c741b88\" data-element_type=\"widget\" data-e-type=\"widget\" data-widget_type=\"image.default\">\n\t\t\t\t\t\t\t\t\t\t\t\t\t\t\t<img decoding=\"async\" width=\"150\" height=\"150\" src=\"https:\/\/cdn.zianebilal.com\/wp-content\/uploads\/2020\/07\/video-call-red-150x150.png\" class=\"attachment-thumbnail size-thumbnail wp-image-5740\" alt=\"\" srcset=\"https:\/\/cdn.zianebilal.com\/wp-content\/uploads\/2020\/07\/video-call-red-150x150.png 150w, https:\/\/cdn.zianebilal.com\/wp-content\/uploads\/2020\/07\/video-call-red-300x300.png 300w, https:\/\/cdn.zianebilal.com\/wp-content\/uploads\/2020\/07\/video-call-red-100x100.png 100w, https:\/\/cdn.zianebilal.com\/wp-content\/uploads\/2020\/07\/video-call-red-256x256.png 256w, https:\/\/cdn.zianebilal.com\/wp-content\/uploads\/2020\/07\/video-call-red.png 512w\" sizes=\"(max-width: 150px) 100vw, 150px\" title=\"\">\t\t\t\t\t\t\t\t\t\t\t\t\t\t\t<\/div>\n\t\t\t\t<div class=\"elementor-element elementor-element-b4d9afd elementor-widget elementor-widget-text-editor\" data-id=\"b4d9afd\" data-element_type=\"widget\" data-e-type=\"widget\" data-widget_type=\"text-editor.default\">\n\t\t\t\t\t\t\t\t\t<center><\/center><p style=\"text-align: center;\"><span style=\"text-align: -webkit-center;\">[schedule_button]<\/span><\/p><p> <\/p>\t\t\t\t\t\t\t\t<\/div>\n\t\t\t\t<div class=\"elementor-element elementor-element-bf46cf9 elementor-widget elementor-widget-spacer\" data-id=\"bf46cf9\" data-element_type=\"widget\" data-e-type=\"widget\" data-widget_type=\"spacer.default\">\n\t\t\t\t\t\t\t<div class=\"elementor-spacer\">\n\t\t\t<div class=\"elementor-spacer-inner\"><\/div>\n\t\t<\/div>\n\t\t\t\t\t\t<\/div>\n\t\t\t\t<\/div>\n\t\t<div class=\"elementor-element elementor-element-b34e5f7 e-con-full e-flex e-con e-child\" data-id=\"b34e5f7\" data-element_type=\"container\" data-e-type=\"container\">\n\t\t\t\t<div class=\"elementor-element elementor-element-3fd5278 elementor-widget elementor-widget-image\" data-id=\"3fd5278\" data-element_type=\"widget\" data-e-type=\"widget\" data-widget_type=\"image.default\">\n\t\t\t\t\t\t\t\t\t\t\t\t\t\t\t<img fetchpriority=\"high\" decoding=\"async\" width=\"433\" height=\"509\" src=\"https:\/\/cdn.zianebilal.com\/wp-content\/uploads\/2021\/01\/Bilal-ZIANE-Personal-Background-Presentation.png\" class=\"attachment-large size-large wp-image-5860\" alt=\"ZIANE Bilal - Online Expert\" srcset=\"https:\/\/cdn.zianebilal.com\/wp-content\/uploads\/2021\/01\/Bilal-ZIANE-Personal-Background-Presentation.png 433w, https:\/\/cdn.zianebilal.com\/wp-content\/uploads\/2021\/01\/Bilal-ZIANE-Personal-Background-Presentation-255x300.png 255w, https:\/\/cdn.zianebilal.com\/wp-content\/uploads\/2021\/01\/Bilal-ZIANE-Personal-Background-Presentation-216x254.png 216w\" sizes=\"(max-width: 433px) 100vw, 433px\" title=\"\">\t\t\t\t\t\t\t\t\t\t\t\t\t\t\t<\/div>\n\t\t\t\t<div class=\"elementor-element elementor-element-4b5812b elementor-widget elementor-widget-spacer\" data-id=\"4b5812b\" data-element_type=\"widget\" data-e-type=\"widget\" data-widget_type=\"spacer.default\">\n\t\t\t\t\t\t\t<div class=\"elementor-spacer\">\n\t\t\t<div class=\"elementor-spacer-inner\"><\/div>\n\t\t<\/div>\n\t\t\t\t\t\t<\/div>\n\t\t\t\t<\/div>\n\t\t\t\t<\/div>\n\t\t\t\t<div class=\"elementor-element elementor-element-09bd5cf elementor-widget elementor-widget-spacer\" data-id=\"09bd5cf\" data-element_type=\"widget\" data-e-type=\"widget\" data-widget_type=\"spacer.default\">\n\t\t\t\t\t\t\t<div class=\"elementor-spacer\">\n\t\t\t<div class=\"elementor-spacer-inner\"><\/div>\n\t\t<\/div>\n\t\t\t\t\t\t<\/div>\n\t\t\t\t<div class=\"elementor-element elementor-element-4e0eb21 elementor-widget elementor-widget-text-editor\" data-id=\"4e0eb21\" data-element_type=\"widget\" data-e-type=\"widget\" data-widget_type=\"text-editor.default\">\n\t\t\t\t\t\t\t\t\t<p>Buchen Sie einfach, wenn Sie :<\/p><ul><li style=\"list-style-type: none;\"><ul><li>Sie brauchen Rat in einer gesch\u00e4ftlichen Angelegenheit<\/li><li>Ben\u00f6tigen Sie Unterst\u00fctzung f\u00fcr Ihr Unternehmen<\/li><li>M\u00f6chten Sie eine Idee vorschlagen  <\/li><li>Diskutieren Sie eine m\u00f6gliche Partnerschaft<\/li><\/ul><\/li><\/ul><p>Und vor allem, wenn Sie glauben, dass das mein Fachgebiet ist und ich Ihnen helfen kann, dann lassen Sie uns miteinander reden!<\/p><p>Bitte senden Sie mir eine kurze Beschreibung dessen, wor\u00fcber Sie sprechen m\u00f6chten, damit wir so effizient wie m\u00f6glich sein k\u00f6nnen. Und bitte stellen Sie sicher, dass Sie Ihre Whatsapp-Telefonnummer angegeben haben oder senden Sie mir eine Einladung auf Skype. <\/p><p>Andernfalls schicken Sie mir eine ausf\u00fchrliche E-Mail auf der <a href=\"https:\/\/www.zianebilal.com\/get-in-contact-with-me\/\">Kontaktseite<\/a> und wir vereinbaren einen Termin f\u00fcr ein pers\u00f6nliches Treffen bei einem Kaffee.<\/p><p>Wir sprechen uns bald;<\/p>\t\t\t\t\t\t\t\t<\/div>\n\t\t\t\t<div class=\"elementor-element elementor-element-911d1fa elementor-widget elementor-widget-spacer\" data-id=\"911d1fa\" data-element_type=\"widget\" data-e-type=\"widget\" data-widget_type=\"spacer.default\">\n\t\t\t\t\t\t\t<div class=\"elementor-spacer\">\n\t\t\t<div class=\"elementor-spacer-inner\"><\/div>\n\t\t<\/div>\n\t\t\t\t\t\t<\/div>\n\t\t\t\t<\/div>\n\t\t\t\t\t<\/div>\n\t\t\t\t<\/div>\n\t\t<div class=\"elementor-element elementor-element-dad1e80 e-flex e-con-boxed e-con e-parent\" data-id=\"dad1e80\" data-element_type=\"container\" data-e-type=\"container\">\n\t\t\t\t\t<div class=\"e-con-inner\">\n\t\t<div class=\"elementor-element elementor-element-7bf30a6 e-con-full e-flex e-con e-child\" data-id=\"7bf30a6\" data-element_type=\"container\" data-e-type=\"container\">\n\t\t\t\t<div class=\"elementor-element elementor-element-2f271e2 elementor-widget elementor-widget-text-editor\" data-id=\"2f271e2\" data-element_type=\"widget\" data-e-type=\"widget\" data-widget_type=\"text-editor.default\">\n\t\t\t\t\t\t\t\t\t<p>Willkommen zu meiner Liste der 10 besten Filme, die einen tiefgreifenden Einfluss auf Ihr pers\u00f6nliches Wachstum und Ihren gesch\u00e4ftlichen Erfolg hatten. Ganz gleich, ob Sie nach Inspiration, Motivation oder einfach nur nach Unterhaltung suchen, diese Filme haben f\u00fcr jeden etwas zu bieten. Von realen Geschichten \u00fcber Widerstandskraft und Entschlossenheit bis hin zu fiktiven Geschichten \u00fcber Ehrgeiz und Macht bietet jeder Film auf dieser Liste wertvolle Lektionen und Erkenntnisse, die Sie auf Ihr eigenes Leben und Ihre Karriere anwenden k\u00f6nnen. Also lehnen Sie sich zur\u00fcck, schnappen Sie sich etwas Popcorn und machen Sie sich bereit, sich von diesen erstaunlichen Filmen inspirieren und unterhalten zu lassen.   <\/p>\t\t\t\t\t\t\t\t<\/div>\n\t\t\t\t<\/div>\n\t\t\t\t\t<\/div>\n\t\t\t\t<\/div>\n\t\t\t\t<\/div>\n\t\t","protected":false},"excerpt":{"rendered":"<p>M\u00f6chten Sie ein Online-Meeting buchen, um Ihre gesch\u00e4ftlichen Anforderungen zu besprechen? Als Spezialist f\u00fcr internationalen eCommerce und digitales Marketing mit \u00fcber 10 Jahren Erfahrung kann ich Ihnen helfen, Ihr Unternehmen auf die n\u00e4chste Stufe zu bringen. Lassen Sie uns zusammenarbeiten, um Ihre Ziele zu erreichen und Ihre Online-Pr\u00e4senz auszubauen.  <\/p>\n","protected":false},"author":1,"featured_media":0,"parent":0,"menu_order":0,"comment_status":"closed","ping_status":"closed","template":"elementor_header_footer","meta":{"_monsterinsights_skip_tracking":false,"_monsterinsights_sitenote_active":false,"_monsterinsights_sitenote_note":"","_monsterinsights_sitenote_category":0,"footnotes":""},"class_list":["post-6609","page","type-page","status-publish","hentry"],"_links":{"self":[{"href":"https:\/\/www.zianebilal.com\/de\/wp-json\/wp\/v2\/pages\/6609","targetHints":{"allow":["GET"]}}],"collection":[{"href":"https:\/\/www.zianebilal.com\/de\/wp-json\/wp\/v2\/pages"}],"about":[{"href":"https:\/\/www.zianebilal.com\/de\/wp-json\/wp\/v2\/types\/page"}],"author":[{"embeddable":true,"href":"https:\/\/www.zianebilal.com\/de\/wp-json\/wp\/v2\/users\/1"}],"replies":[{"embeddable":true,"href":"https:\/\/www.zianebilal.com\/de\/wp-json\/wp\/v2\/comments?post=6609"}],"version-history":[{"count":0,"href":"https:\/\/www.zianebilal.com\/de\/wp-json\/wp\/v2\/pages\/6609\/revisions"}],"wp:attachment":[{"href":"https:\/\/www.zianebilal.com\/de\/wp-json\/wp\/v2\/media?parent=6609"}],"curies":[{"name":"wp","href":"https:\/\/api.w.org\/{rel}","templated":true}]}}