{"id":6604,"date":"2025-06-20T21:38:27","date_gmt":"2025-06-20T20:38:27","guid":{"rendered":"https:\/\/www.zianebilal.com\/blog\/"},"modified":"2025-06-24T10:38:21","modified_gmt":"2025-06-24T09:38:21","slug":"blog","status":"publish","type":"page","link":"https:\/\/www.zianebilal.com\/de\/blog\/","title":{"rendered":"Blog"},"content":{"rendered":"\t\t<div data-elementor-type=\"wp-page\" data-elementor-id=\"6604\" class=\"elementor elementor-6604 elementor-5166\" data-elementor-post-type=\"page\">\n\t\t\t\t<div class=\"elementor-element elementor-element-f57c650 e-flex e-con-boxed e-con e-parent\" data-id=\"f57c650\" data-element_type=\"container\" data-e-type=\"container\" data-settings=\"{&quot;background_background&quot;:&quot;gradient&quot;}\">\n\t\t\t\t\t<div class=\"e-con-inner\">\n\t\t<div class=\"elementor-element elementor-element-01f8d16 e-con-full e-flex e-con e-child\" data-id=\"01f8d16\" data-element_type=\"container\" data-e-type=\"container\">\n\t\t\t\t<div class=\"elementor-element elementor-element-73c5237 elementor-widget elementor-widget-spacer\" data-id=\"73c5237\" data-element_type=\"widget\" data-e-type=\"widget\" data-widget_type=\"spacer.default\">\n\t\t\t\t\t\t\t<div class=\"elementor-spacer\">\n\t\t\t<div class=\"elementor-spacer-inner\"><\/div>\n\t\t<\/div>\n\t\t\t\t\t\t<\/div>\n\t\t\t\t<div class=\"elementor-element elementor-element-c90b459 elementor-widget elementor-widget-heading\" data-id=\"c90b459\" data-element_type=\"widget\" data-e-type=\"widget\" data-widget_type=\"heading.default\">\n\t\t\t\t\t<h1 class=\"elementor-heading-title elementor-size-default\">Blog-Beitr\u00e4ge<\/h1>\t\t\t\t<\/div>\n\t\t<div class=\"elementor-element elementor-element-3a1670b e-con-full e-flex e-con e-child\" data-id=\"3a1670b\" data-element_type=\"container\" data-e-type=\"container\">\n\t\t\t\t<div class=\"elementor-element elementor-element-52b1b11 elementor-nav-menu__align-justify elementor-nav-menu__text-align-center elementor-nav-menu--dropdown-tablet elementor-widget elementor-widget-nav-menu\" data-id=\"52b1b11\" data-element_type=\"widget\" data-e-type=\"widget\" data-settings=\"{&quot;layout&quot;:&quot;horizontal&quot;,&quot;submenu_icon&quot;:{&quot;value&quot;:&quot;&lt;svg aria-hidden=\\&quot;true\\&quot; class=\\&quot;e-font-icon-svg e-fas-caret-down\\&quot; viewBox=\\&quot;0 0 320 512\\&quot; xmlns=\\&quot;http:\\\/\\\/www.w3.org\\\/2000\\\/svg\\&quot;&gt;&lt;path d=\\&quot;M31.3 192h257.3c17.8 0 26.7 21.5 14.1 34.1L174.1 354.8c-7.8 7.8-20.5 7.8-28.3 0L17.2 226.1C4.6 213.5 13.5 192 31.3 192z\\&quot;&gt;&lt;\\\/path&gt;&lt;\\\/svg&gt;&quot;,&quot;library&quot;:&quot;fa-solid&quot;}}\" data-widget_type=\"nav-menu.default\">\n\t\t\t\t\t\t\t\t<nav aria-label=\"Menu\" class=\"elementor-nav-menu--main elementor-nav-menu__container elementor-nav-menu--layout-horizontal e--pointer-background e--animation-fade\">\n\t\t\t\t<ul id=\"menu-1-52b1b11\" class=\"elementor-nav-menu\"><li class=\"menu-item menu-item-type-taxonomy menu-item-object-category menu-item-has-children menu-item-7762\"><a href=\"https:\/\/www.zianebilal.com\/de\/category\/mindset-motor\/\" class=\"elementor-item\">Mindset-Motor<\/a>\n<ul class=\"sub-menu elementor-nav-menu--dropdown\">\n\t<li class=\"menu-item menu-item-type-taxonomy menu-item-object-category menu-item-7766\"><a href=\"https:\/\/www.zianebilal.com\/de\/category\/selbstvertrauen-code\/\" class=\"elementor-sub-item\">Selbstvertrauen Code<\/a><\/li>\n\t<li class=\"menu-item menu-item-type-taxonomy menu-item-object-category menu-item-7763\"><a href=\"https:\/\/www.zianebilal.com\/de\/category\/mindset-veranderungen\/\" class=\"elementor-sub-item\">Mindset-Ver\u00e4nderungen<\/a><\/li>\n\t<li class=\"menu-item menu-item-type-taxonomy menu-item-object-category menu-item-7765\"><a href=\"https:\/\/www.zianebilal.com\/de\/category\/selbst-bewusstsein\/\" class=\"elementor-sub-item\">Selbst-Bewusstsein<\/a><\/li>\n<\/ul>\n<\/li>\n<li class=\"menu-item menu-item-type-taxonomy menu-item-object-category menu-item-has-children menu-item-7758\"><a href=\"https:\/\/www.zianebilal.com\/de\/category\/grunder-modus\/\" class=\"elementor-item\">Gr\u00fcnder-Modus<\/a>\n<ul class=\"sub-menu elementor-nav-menu--dropdown\">\n\t<li class=\"menu-item menu-item-type-taxonomy menu-item-object-category menu-item-7767\"><a href=\"https:\/\/www.zianebilal.com\/de\/category\/spielbuch-fur-markenwachstum\/\" class=\"elementor-sub-item\">Markenwachstum<\/a><\/li>\n\t<li class=\"menu-item menu-item-type-taxonomy menu-item-object-category menu-item-7769\"><a href=\"https:\/\/www.zianebilal.com\/de\/category\/startup-blaupause\/\" class=\"elementor-sub-item\">Startup Blaupause<\/a><\/li>\n\t<li class=\"menu-item menu-item-type-taxonomy menu-item-object-category menu-item-7764\"><a href=\"https:\/\/www.zianebilal.com\/de\/category\/reichtumsfluss\/\" class=\"elementor-sub-item\">Reichtumsfluss<\/a><\/li>\n<\/ul>\n<\/li>\n<li class=\"menu-item menu-item-type-taxonomy menu-item-object-category menu-item-has-children menu-item-7754\"><a href=\"https:\/\/www.zianebilal.com\/de\/category\/digitaler-vorsprung\/\" class=\"elementor-item\">Digitaler Vorsprung<\/a>\n<ul class=\"sub-menu elementor-nav-menu--dropdown\">\n\t<li class=\"menu-item menu-item-type-taxonomy menu-item-object-category menu-item-7760\"><a href=\"https:\/\/www.zianebilal.com\/de\/category\/ki-und-automatisierung\/\" class=\"elementor-sub-item\">KI und Automatisierung<\/a><\/li>\n\t<li class=\"menu-item menu-item-type-taxonomy menu-item-object-category menu-item-7759\"><a href=\"https:\/\/www.zianebilal.com\/de\/category\/handbuch-zur-cyberabwehr\/\" class=\"elementor-sub-item\">Handbuch zur Cyberabwehr<\/a><\/li>\n\t<li class=\"menu-item menu-item-type-taxonomy menu-item-object-category menu-item-7772\"><a href=\"https:\/\/www.zianebilal.com\/de\/category\/web-und-ai-bausteine\/\" class=\"elementor-sub-item\">Web und AI-Bausteine<\/a><\/li>\n<\/ul>\n<\/li>\n<li class=\"menu-item menu-item-type-taxonomy menu-item-object-category menu-item-has-children menu-item-7756\"><a href=\"https:\/\/www.zianebilal.com\/de\/category\/energie-code\/\" class=\"elementor-item\">Energie-Code<\/a>\n<ul class=\"sub-menu elementor-nav-menu--dropdown\">\n\t<li class=\"menu-item menu-item-type-taxonomy menu-item-object-category menu-item-7757\"><a href=\"https:\/\/www.zianebilal.com\/de\/category\/ernahrung-intelligenz\/\" class=\"elementor-sub-item\">Ern\u00e4hrung Intelligenz<\/a><\/li>\n\t<li class=\"menu-item menu-item-type-taxonomy menu-item-object-category menu-item-7768\"><a href=\"https:\/\/www.zianebilal.com\/de\/category\/starke-und-langlebigkeit\/\" class=\"elementor-sub-item\">St\u00e4rke und Langlebigkeit<\/a><\/li>\n\t<li class=\"menu-item menu-item-type-taxonomy menu-item-object-category menu-item-7770\"><a href=\"https:\/\/www.zianebilal.com\/de\/category\/stressresistenz\/\" class=\"elementor-sub-item\">Stressresistenz<\/a><\/li>\n<\/ul>\n<\/li>\n<li class=\"menu-item menu-item-type-taxonomy menu-item-object-category menu-item-has-children menu-item-7761\"><a href=\"https:\/\/www.zianebilal.com\/de\/category\/menschlicher-vorsprung\/\" class=\"elementor-item\">Humanit\u00e4r<\/a>\n<ul class=\"sub-menu elementor-nav-menu--dropdown\">\n\t<li class=\"menu-item menu-item-type-taxonomy menu-item-object-category menu-item-7771\"><a href=\"https:\/\/www.zianebilal.com\/de\/category\/von-konflikten-zur-klarheit\/\" class=\"elementor-sub-item\">Von Konflikten zur Klarheit<\/a><\/li>\n\t<li class=\"menu-item menu-item-type-taxonomy menu-item-object-category menu-item-7755\"><a href=\"https:\/\/www.zianebilal.com\/de\/category\/emotionaler-iq\/\" class=\"elementor-sub-item\">Emotionaler IQ<\/a><\/li>\n\t<li class=\"menu-item menu-item-type-taxonomy menu-item-object-category menu-item-7753\"><a href=\"https:\/\/www.zianebilal.com\/de\/category\/beziehungsdesign\/\" class=\"elementor-sub-item\">Beziehungsdesign<\/a><\/li>\n<\/ul>\n<\/li>\n<\/ul>\t\t\t<\/nav>\n\t\t\t\t\t\t<nav class=\"elementor-nav-menu--dropdown elementor-nav-menu__container\" aria-hidden=\"true\">\n\t\t\t\t<ul id=\"menu-2-52b1b11\" class=\"elementor-nav-menu\"><li class=\"menu-item menu-item-type-taxonomy menu-item-object-category menu-item-has-children menu-item-7762\"><a href=\"https:\/\/www.zianebilal.com\/de\/category\/mindset-motor\/\" class=\"elementor-item\" tabindex=\"-1\">Mindset-Motor<\/a>\n<ul class=\"sub-menu elementor-nav-menu--dropdown\">\n\t<li class=\"menu-item menu-item-type-taxonomy menu-item-object-category menu-item-7766\"><a href=\"https:\/\/www.zianebilal.com\/de\/category\/selbstvertrauen-code\/\" class=\"elementor-sub-item\" tabindex=\"-1\">Selbstvertrauen Code<\/a><\/li>\n\t<li class=\"menu-item menu-item-type-taxonomy menu-item-object-category menu-item-7763\"><a href=\"https:\/\/www.zianebilal.com\/de\/category\/mindset-veranderungen\/\" class=\"elementor-sub-item\" tabindex=\"-1\">Mindset-Ver\u00e4nderungen<\/a><\/li>\n\t<li class=\"menu-item menu-item-type-taxonomy menu-item-object-category menu-item-7765\"><a href=\"https:\/\/www.zianebilal.com\/de\/category\/selbst-bewusstsein\/\" class=\"elementor-sub-item\" tabindex=\"-1\">Selbst-Bewusstsein<\/a><\/li>\n<\/ul>\n<\/li>\n<li class=\"menu-item menu-item-type-taxonomy menu-item-object-category menu-item-has-children menu-item-7758\"><a href=\"https:\/\/www.zianebilal.com\/de\/category\/grunder-modus\/\" class=\"elementor-item\" tabindex=\"-1\">Gr\u00fcnder-Modus<\/a>\n<ul class=\"sub-menu elementor-nav-menu--dropdown\">\n\t<li class=\"menu-item menu-item-type-taxonomy menu-item-object-category menu-item-7767\"><a href=\"https:\/\/www.zianebilal.com\/de\/category\/spielbuch-fur-markenwachstum\/\" class=\"elementor-sub-item\" tabindex=\"-1\">Markenwachstum<\/a><\/li>\n\t<li class=\"menu-item menu-item-type-taxonomy menu-item-object-category menu-item-7769\"><a href=\"https:\/\/www.zianebilal.com\/de\/category\/startup-blaupause\/\" class=\"elementor-sub-item\" tabindex=\"-1\">Startup Blaupause<\/a><\/li>\n\t<li class=\"menu-item menu-item-type-taxonomy menu-item-object-category menu-item-7764\"><a href=\"https:\/\/www.zianebilal.com\/de\/category\/reichtumsfluss\/\" class=\"elementor-sub-item\" tabindex=\"-1\">Reichtumsfluss<\/a><\/li>\n<\/ul>\n<\/li>\n<li class=\"menu-item menu-item-type-taxonomy menu-item-object-category menu-item-has-children menu-item-7754\"><a href=\"https:\/\/www.zianebilal.com\/de\/category\/digitaler-vorsprung\/\" class=\"elementor-item\" tabindex=\"-1\">Digitaler Vorsprung<\/a>\n<ul class=\"sub-menu elementor-nav-menu--dropdown\">\n\t<li class=\"menu-item menu-item-type-taxonomy menu-item-object-category menu-item-7760\"><a href=\"https:\/\/www.zianebilal.com\/de\/category\/ki-und-automatisierung\/\" class=\"elementor-sub-item\" tabindex=\"-1\">KI und Automatisierung<\/a><\/li>\n\t<li class=\"menu-item menu-item-type-taxonomy menu-item-object-category menu-item-7759\"><a href=\"https:\/\/www.zianebilal.com\/de\/category\/handbuch-zur-cyberabwehr\/\" class=\"elementor-sub-item\" tabindex=\"-1\">Handbuch zur Cyberabwehr<\/a><\/li>\n\t<li class=\"menu-item menu-item-type-taxonomy menu-item-object-category menu-item-7772\"><a href=\"https:\/\/www.zianebilal.com\/de\/category\/web-und-ai-bausteine\/\" class=\"elementor-sub-item\" tabindex=\"-1\">Web und AI-Bausteine<\/a><\/li>\n<\/ul>\n<\/li>\n<li class=\"menu-item menu-item-type-taxonomy menu-item-object-category menu-item-has-children menu-item-7756\"><a href=\"https:\/\/www.zianebilal.com\/de\/category\/energie-code\/\" class=\"elementor-item\" tabindex=\"-1\">Energie-Code<\/a>\n<ul class=\"sub-menu elementor-nav-menu--dropdown\">\n\t<li class=\"menu-item menu-item-type-taxonomy menu-item-object-category menu-item-7757\"><a href=\"https:\/\/www.zianebilal.com\/de\/category\/ernahrung-intelligenz\/\" class=\"elementor-sub-item\" tabindex=\"-1\">Ern\u00e4hrung Intelligenz<\/a><\/li>\n\t<li class=\"menu-item menu-item-type-taxonomy menu-item-object-category menu-item-7768\"><a href=\"https:\/\/www.zianebilal.com\/de\/category\/starke-und-langlebigkeit\/\" class=\"elementor-sub-item\" tabindex=\"-1\">St\u00e4rke und Langlebigkeit<\/a><\/li>\n\t<li class=\"menu-item menu-item-type-taxonomy menu-item-object-category menu-item-7770\"><a href=\"https:\/\/www.zianebilal.com\/de\/category\/stressresistenz\/\" class=\"elementor-sub-item\" tabindex=\"-1\">Stressresistenz<\/a><\/li>\n<\/ul>\n<\/li>\n<li class=\"menu-item menu-item-type-taxonomy menu-item-object-category menu-item-has-children menu-item-7761\"><a href=\"https:\/\/www.zianebilal.com\/de\/category\/menschlicher-vorsprung\/\" class=\"elementor-item\" tabindex=\"-1\">Humanit\u00e4r<\/a>\n<ul class=\"sub-menu elementor-nav-menu--dropdown\">\n\t<li class=\"menu-item menu-item-type-taxonomy menu-item-object-category menu-item-7771\"><a href=\"https:\/\/www.zianebilal.com\/de\/category\/von-konflikten-zur-klarheit\/\" class=\"elementor-sub-item\" tabindex=\"-1\">Von Konflikten zur Klarheit<\/a><\/li>\n\t<li class=\"menu-item menu-item-type-taxonomy menu-item-object-category menu-item-7755\"><a href=\"https:\/\/www.zianebilal.com\/de\/category\/emotionaler-iq\/\" class=\"elementor-sub-item\" tabindex=\"-1\">Emotionaler IQ<\/a><\/li>\n\t<li class=\"menu-item menu-item-type-taxonomy menu-item-object-category menu-item-7753\"><a href=\"https:\/\/www.zianebilal.com\/de\/category\/beziehungsdesign\/\" class=\"elementor-sub-item\" tabindex=\"-1\">Beziehungsdesign<\/a><\/li>\n<\/ul>\n<\/li>\n<\/ul>\t\t\t<\/nav>\n\t\t\t\t\t\t<\/div>\n\t\t\t\t<\/div>\n\t\t\t\t<\/div>\n\t\t\t\t\t<\/div>\n\t\t\t\t<\/div>\n\t\t<div class=\"elementor-element elementor-element-7b3aead e-flex e-con-boxed e-con e-parent\" data-id=\"7b3aead\" data-element_type=\"container\" data-e-type=\"container\">\n\t\t\t\t\t<div class=\"e-con-inner\">\n\t\t<div class=\"elementor-element elementor-element-15260e1d e-con-full e-flex e-con e-child\" data-id=\"15260e1d\" data-element_type=\"container\" data-e-type=\"container\">\n\t\t\t\t<div class=\"elementor-element elementor-element-3b18361f elementor-widget elementor-widget-heading\" data-id=\"3b18361f\" data-element_type=\"widget\" data-e-type=\"widget\" data-widget_type=\"heading.default\">\n\t\t\t\t\t<h3 class=\"elementor-heading-title elementor-size-default\">Die Weisheit liegt auf der Reise, nicht nur am Ziel<\/h3>\t\t\t\t<\/div>\n\t\t\t\t<div class=\"elementor-element elementor-element-348a5eee elementor-widget elementor-widget-heading\" data-id=\"348a5eee\" data-element_type=\"widget\" data-e-type=\"widget\" data-widget_type=\"heading.default\">\n\t\t\t\t\t<h3 class=\"elementor-heading-title elementor-size-default\">Weil Wachstum nie wirklich endet<\/h3>\t\t\t\t<\/div>\n\t\t\t\t<div class=\"elementor-element elementor-element-45123519 elementor-widget elementor-widget-text-editor\" data-id=\"45123519\" data-element_type=\"widget\" data-e-type=\"widget\" data-widget_type=\"text-editor.default\">\n\t\t\t\t\t\t\t\t\t<p><img decoding=\"async\" class=\"alignleft size-thumbnail wp-image-6164\" src=\"https:\/\/www.zianebilal.com\/wp-content\/uploads\/2025\/06\/Blog-Section-ZIANE-Bilal-150x150.webp\" alt=\"Blog Seite - Fu\u00dfzeile Website ZIANE Bilal\" width=\"150\" height=\"150\" title=\"\" srcset=\"https:\/\/cdn.zianebilal.com\/wp-content\/uploads\/2025\/06\/Blog-Section-ZIANE-Bilal-150x150.webp 150w, https:\/\/cdn.zianebilal.com\/wp-content\/uploads\/2025\/06\/Blog-Section-ZIANE-Bilal-100x100.webp 100w, https:\/\/cdn.zianebilal.com\/wp-content\/uploads\/2025\/06\/Blog-Section-ZIANE-Bilal-96x96.webp 96w, https:\/\/cdn.zianebilal.com\/wp-content\/uploads\/2025\/06\/Blog-Section-ZIANE-Bilal.webp 256w\" sizes=\"(max-width: 150px) 100vw, 150px\" \/><\/p><p data-spm-anchor-id=\"a2ty_o01.29997173.0.i15.15c75171w3EhHK\">Jeder Artikel, den Sie hier finden, wurde nicht nur geschrieben, um Wissen zu vermitteln, sondern auch, um zum Nachdenken, Handeln und Vorankommen anzuregen. Dieses Archiv ist mehr als eine Sammlung von Erkenntnissen &#8211; es ist eine Aufzeichnung von Erfahrungen aus der Praxis, von erprobten Strategien und von Lektionen, die Sie auf Ihrem Weg gelernt haben. Ganz gleich, ob Sie vertraute Ideen wieder aufgreifen oder neue entdecken, es gibt immer eine weitere Ebene, die Sie aufdecken k\u00f6nnen.  <\/p><div class=\"my-2\"> <\/div><p>Wenn das, was Sie lesen, bei Ihnen Anklang findet &#8211; oder wenn Sie noch herausfinden, wie Sie es anwenden k\u00f6nnen &#8211; freue ich mich auf das Gespr\u00e4ch. Mein Ziel war schon immer einfach: denjenigen, die Klarheit suchen, zu helfen, ihren n\u00e4chsten Schritt mit Zuversicht zu gehen. Sie k\u00f6nnen sich direkt per E-Mail an mich wenden, den FAQ-Bereich durchst\u00f6bern oder das Kontaktformular verwenden, um sich mit mir in Verbindung zu setzen.  <\/p><div class=\"my-2\"> <\/div><p data-spm-anchor-id=\"a2ty_o01.29997173.0.i16.15c75171w3EhHK\">Danke, dass Sie hier sind. Ihre Reise ist es, die der Arbeit, die wir tun, Bedeutung verleiht &#8211; und es ist mir eine Ehre, Sie dabei zu begleiten. <\/p><p data-spm-anchor-id=\"a2ty_o01.29997173.0.i16.15c75171w3EhHK\"> <\/p>\t\t\t\t\t\t\t\t<\/div>\n\t\t\t\t<\/div>\n\t\t\t\t\t<\/div>\n\t\t\t\t<\/div>\n\t\t\t\t<\/div>\n\t\t","protected":false},"excerpt":{"rendered":"<p>Willkommen auf meinem pers\u00f6nlichen Blog, in dem ich mein Fachwissen im Bereich digitales Marketing und E-Commerce mit Ihnen teile. Mit meinen Artikeln und Beitr\u00e4gen m\u00f6chte ich Ihnen wertvolle Einblicke und Tipps geben, damit Sie Ihre Online-Pr\u00e4senz ausbauen und in der digitalen Welt erfolgreich sein k\u00f6nnen. Von Social-Media-Strategien bis hin zu SEO-Techniken und allem, was dazwischen liegt, decke ich eine breite Palette von Themen ab, von denen Unternehmen und Privatpersonen gleicherma\u00dfen profitieren k\u00f6nnen.  <\/p>\n","protected":false},"author":1,"featured_media":0,"parent":0,"menu_order":0,"comment_status":"closed","ping_status":"closed","template":"elementor_header_footer","meta":{"_monsterinsights_skip_tracking":false,"_monsterinsights_sitenote_active":false,"_monsterinsights_sitenote_note":"","_monsterinsights_sitenote_category":0,"footnotes":""},"class_list":["post-6604","page","type-page","status-publish","hentry"],"_links":{"self":[{"href":"https:\/\/www.zianebilal.com\/de\/wp-json\/wp\/v2\/pages\/6604","targetHints":{"allow":["GET"]}}],"collection":[{"href":"https:\/\/www.zianebilal.com\/de\/wp-json\/wp\/v2\/pages"}],"about":[{"href":"https:\/\/www.zianebilal.com\/de\/wp-json\/wp\/v2\/types\/page"}],"author":[{"embeddable":true,"href":"https:\/\/www.zianebilal.com\/de\/wp-json\/wp\/v2\/users\/1"}],"replies":[{"embeddable":true,"href":"https:\/\/www.zianebilal.com\/de\/wp-json\/wp\/v2\/comments?post=6604"}],"version-history":[{"count":0,"href":"https:\/\/www.zianebilal.com\/de\/wp-json\/wp\/v2\/pages\/6604\/revisions"}],"wp:attachment":[{"href":"https:\/\/www.zianebilal.com\/de\/wp-json\/wp\/v2\/media?parent=6604"}],"curies":[{"name":"wp","href":"https:\/\/api.w.org\/{rel}","templated":true}]}}